{"id":106,"date":"2018-03-21T22:27:40","date_gmt":"2018-03-21T21:27:40","guid":{"rendered":"http:\/\/escrime-dieppe.fr\/?page_id=106"},"modified":"2025-08-22T11:26:48","modified_gmt":"2025-08-22T09:26:48","slug":"historique","status":"publish","type":"page","link":"https:\/\/escrime-dieppe.fr\/index.php\/notre-club\/historique\/","title":{"rendered":"Historique"},"content":{"rendered":"\t\t<div data-elementor-type=\"wp-post\" data-elementor-id=\"106\" class=\"elementor elementor-106\">\n\t\t\t\t\t\t<section class=\"elementor-section elementor-top-section elementor-element elementor-element-31d84ed0 elementor-section-stretched elementor-section-boxed elementor-section-height-default elementor-section-height-default\" data-id=\"31d84ed0\" data-element_type=\"section\" data-e-type=\"section\" data-settings=\"{&quot;stretch_section&quot;:&quot;section-stretched&quot;}\">\n\t\t\t\t\t\t<div class=\"elementor-container elementor-column-gap-default\">\n\t\t\t\t\t<div class=\"elementor-column elementor-col-100 elementor-top-column elementor-element elementor-element-51c40842\" data-id=\"51c40842\" data-element_type=\"column\" data-e-type=\"column\">\n\t\t\t<div class=\"elementor-widget-wrap elementor-element-populated\">\n\t\t\t\t\t\t<div class=\"elementor-element elementor-element-e025f16 elementor-widget elementor-widget-heading\" data-id=\"e025f16\" data-element_type=\"widget\" data-e-type=\"widget\" data-widget_type=\"heading.default\">\n\t\t\t\t<div class=\"elementor-widget-container\">\n\t\t\t\t\t<h2 class=\"elementor-heading-title elementor-size-default\">UNE NAISSANCE SPORTIVE<\/h2>\t\t\t\t<\/div>\n\t\t\t\t<\/div>\n\t\t\t\t<div class=\"elementor-element elementor-element-6fce35f7 elementor-widget elementor-widget-text-editor\" data-id=\"6fce35f7\" data-element_type=\"widget\" data-e-type=\"widget\" data-widget_type=\"text-editor.default\">\n\t\t\t\t<div class=\"elementor-widget-container\">\n\t\t\t\t\t\t\t\t\t<p style=\"text-align: center;\"><span style=\"font-size: inherit;\">LES FINES LAMES DE DIEPPE<\/span><\/p><p style=\"text-align: center;\"><span style=\"color: #c67605;\">Titre de l\u2019article des Informations Dieppoises d\u2019octobre 86<\/span><\/p><p style=\"text-align: center;\">Sous l\u2019initiative du C.T.R. Ma\u00eetre T. Barbaud, une action de sensibilisation et d\u2019initiation est men\u00e9e, depuis septembre 1986, \u00e0 l\u2019\u00e9cole Louis de Broglie, par Ma\u00eetre E. G\u00e9rardin. L\u2019escrime rena\u00eet \u00e0 Dieppe, apr\u00e8s plusieurs ann\u00e9es d\u2019absence, apr\u00e8s le d\u00e9c\u00e8s du Colonel Schmeltz. Il \u00e9tait pr\u00e9sident du club (Cercle d\u2019escrime de Dieppe) et Ma\u00eetre d\u2019armes.<\/p><p style=\"text-align: center;\">Ma\u00eetre E. G\u00e9rardin termine la saison. Elle est remplac\u00e9e par Dominique Deheuninck. Celle-ci reste 2 ann\u00e9es au club puis convole, en justes noces, avec un pompier parisien qui l\u2019emm\u00e8ne dans la capitale.<\/p><p style=\"text-align: center;\">Eric Blin prend l\u2019entra\u00eenement du club jusqu\u2019\u00e0 l\u2019arriv\u00e9e de Ma\u00eetre El Shimi, ma\u00eetre d\u2019armes de qualit\u00e9 pour des escrimeurs avertis. Mais sa mani\u00e8re de fonctionner avec des jeunes pousses a fait bondir plus d\u2019un parent (le petit assis sur le banc pendant 1 h 30 que dure le cours, sauf 10 minutes de le\u00e7on \u2026 ).<\/p><p style=\"text-align: center;\">Ma\u00eetre T. Barbaud C.T.R. \u00e0 l\u2019\u00e9poque cesse son activit\u00e9 au C.E.R. Il est mut\u00e9 au Bataillon de Joinville. Rouen et Dieppe sont donc \u00e0 la recherche d\u2019un Ma\u00eetre d\u2019armes et voient l\u2019arriv\u00e9e du Ma\u00eetre Navarre. Il restera dix ans au club. Il eut l\u2019honneur de d\u00e9crocher un titre de Champion de France avec Delphine Coruble, Marie-Laure Leroux et Elise Quibel. Une de ses grandes satisfactions avec le club dieppois fut d\u2019avoir emmener un des tireurs en coupe du monde cadet et sur le circuit des coupes du monde en juniors. Ce m\u00eame tireur a pass\u00e9 son examen de Pr\u00e9vost f\u00e9d\u00e9ral et son B.E.1 Il est l\u2019actuel Ma\u00eetre d\u2019armes du Club.<\/p><p style=\"text-align: center;\"><span style=\"color: #c67605;\">TOURNOI INTERNATIONAL DE NOS JOURS\u00a0<\/span><\/p><p style=\"text-align: center;\">Depuis la reprise de l\u2019escrime \u00e0 Dieppe, le club organise le tournoi international. Durant l\u2019absence de club \u00e0 Dieppe, c\u2019est le Comit\u00e9 D\u00e9partemental d\u2019escrime qui perp\u00e9tuait la comp\u00e9tition.<\/p><p style=\"text-align: center;\">Pour les dix ans du club, la F.F.E. avait confi\u00e9, au club dieppois, l\u2019organisation du Championnat de France. .Pour ce week\u2013end de juin 96, ce sont plus de 300 tireurs qui ont crois\u00e9s le fer. Durant cette \u00e9preuve, le tournoi international a \u00e9t\u00e9 maintenu le dimanche.<\/p><p style=\"text-align: center;\">Des noms connus sur les circuits nationaux ont remport\u00e9 le tournoi international : Duch\u00eane, Janvier, Leroy, Richer-Cooper, Perl\u00e8s, Perrey- Lacombe et le tireur dieppois Coruble.<\/p><p style=\"text-align: center;\">Les seniors et juniors ayant depuis plusieurs ann\u00e9es un calendrier tr\u00e8s charg\u00e9, le club dieppois a d\u00e9cid\u00e9 de changer les cat\u00e9gories du tournoi international. C\u2019est d\u00e9sormais, le tournoi des jeunes. L\u2019organisation est beaucoup plus lourde, mais la satisfaction est l\u00e0.<\/p><p>En septembre 2011, apr\u00e8s plusieurs ann\u00e9es d&rsquo;attentes, nous emm\u00e9nageons dans notre belle salle d&rsquo;armes situ\u00e9e sur le front de mer. Avec huit pistes, des vestiaires, un bureau, un atelier de r\u00e9paration et une laverie, les escrimeurs des fines lames sont dans de parfaites conditions pour croiser le fer.\u00a0\u00a0<\/p><p style=\"text-align: left;\"><span style=\"color: #c67605;\">R\u00e9dig\u00e9 par D. CORUBLE, Ex-Pr\u00e9sident<\/span><\/p>\t\t\t\t\t\t\t\t<\/div>\n\t\t\t\t<\/div>\n\t\t\t\t\t<\/div>\n\t\t<\/div>\n\t\t\t\t\t<\/div>\n\t\t<\/section>\n\t\t\t\t<\/div>\n\t\t","protected":false},"excerpt":{"rendered":"<p>UNE NAISSANCE SPORTIVE LES FINES LAMES DE DIEPPE Titre de l\u2019article des Informations Dieppoises d\u2019octobre 86 Sous l\u2019initiative du C.T.R. Ma\u00eetre T. Barbaud, une action de sensibilisation et d\u2019initiation est men\u00e9e, depuis septembre 1986, \u00e0 l\u2019\u00e9cole Louis de Broglie, par Ma\u00eetre E. G\u00e9rardin. L\u2019escrime rena\u00eet \u00e0 Dieppe, apr\u00e8s plusieurs ann\u00e9es [&hellip;]<\/p>\n","protected":false},"author":1,"featured_media":0,"parent":25,"menu_order":0,"comment_status":"closed","ping_status":"closed","template":"","meta":{"jetpack_post_was_ever_published":false,"footnotes":""},"class_list":["post-106","page","type-page","status-publish","hentry"],"jetpack_sharing_enabled":true,"jetpack_shortlink":"https:\/\/wp.me\/PapKhQ-1I","jetpack-related-posts":[],"_links":{"self":[{"href":"https:\/\/escrime-dieppe.fr\/index.php\/wp-json\/wp\/v2\/pages\/106","targetHints":{"allow":["GET"]}}],"collection":[{"href":"https:\/\/escrime-dieppe.fr\/index.php\/wp-json\/wp\/v2\/pages"}],"about":[{"href":"https:\/\/escrime-dieppe.fr\/index.php\/wp-json\/wp\/v2\/types\/page"}],"author":[{"embeddable":true,"href":"https:\/\/escrime-dieppe.fr\/index.php\/wp-json\/wp\/v2\/users\/1"}],"replies":[{"embeddable":true,"href":"https:\/\/escrime-dieppe.fr\/index.php\/wp-json\/wp\/v2\/comments?post=106"}],"version-history":[{"count":7,"href":"https:\/\/escrime-dieppe.fr\/index.php\/wp-json\/wp\/v2\/pages\/106\/revisions"}],"predecessor-version":[{"id":1594,"href":"https:\/\/escrime-dieppe.fr\/index.php\/wp-json\/wp\/v2\/pages\/106\/revisions\/1594"}],"up":[{"embeddable":true,"href":"https:\/\/escrime-dieppe.fr\/index.php\/wp-json\/wp\/v2\/pages\/25"}],"wp:attachment":[{"href":"https:\/\/escrime-dieppe.fr\/index.php\/wp-json\/wp\/v2\/media?parent=106"}],"curies":[{"name":"wp","href":"https:\/\/api.w.org\/{rel}","templated":true}]}}