{"id":117,"date":"2018-03-21T22:34:11","date_gmt":"2018-03-21T21:34:11","guid":{"rendered":"http:\/\/escrime-dieppe.fr\/?page_id=117"},"modified":"2024-08-27T15:36:56","modified_gmt":"2024-08-27T13:36:56","slug":"equipement","status":"publish","type":"page","link":"https:\/\/escrime-dieppe.fr\/index.php\/cours\/equipement\/","title":{"rendered":"Equipement"},"content":{"rendered":"\t\t<div data-elementor-type=\"wp-page\" data-elementor-id=\"117\" class=\"elementor elementor-117\">\n\t\t\t\t\t\t<section class=\"elementor-section elementor-top-section elementor-element elementor-element-4c818fc4 elementor-section-boxed elementor-section-height-default elementor-section-height-default\" data-id=\"4c818fc4\" data-element_type=\"section\" data-e-type=\"section\">\n\t\t\t\t\t\t<div class=\"elementor-container elementor-column-gap-default\">\n\t\t\t\t\t<div class=\"elementor-column elementor-col-100 elementor-top-column elementor-element elementor-element-2c7f23df\" data-id=\"2c7f23df\" data-element_type=\"column\" data-e-type=\"column\">\n\t\t\t<div class=\"elementor-widget-wrap elementor-element-populated\">\n\t\t\t\t\t\t<div class=\"elementor-element elementor-element-294cbe09 elementor-widget elementor-widget-text-editor\" data-id=\"294cbe09\" data-element_type=\"widget\" data-e-type=\"widget\" data-widget_type=\"text-editor.default\">\n\t\t\t\t<div class=\"elementor-widget-container\">\n\t\t\t\t\t\t\t\t\t<p>Tout d\u00e9butant \u00e0 partir de M9 doit acheter un gant ainsi qu\u2019un fil de corps. Le club passera plusieurs commandes au cours de la saison.<\/p>\n<p>Pour les M5 et M7, le mat\u00e9riel est mis \u00e0 votre disposition.<\/p>\n<p>Pour les autres cat\u00e9gories, vous n\u2019\u00eates pas oblig\u00e9 d\u2019acheter la tenue. Vous pouvez la louer. Il est n\u00e9anmoins conseill\u00e9 aux M15, M17, M20 et senior faisant de la comp\u00e9tition de poss\u00e9der leur tenue et leur \u00e9p\u00e9e.<\/p>\n<p>Pour les M9 et M11, la tenue (pantalon, veste, sous-cuirasse et masque) sera lou\u00e9e 50\u20ac pour toute l\u2019ann\u00e9e. Pour les M13, M15, M17, M20, seniors et v\u00e9t\u00e9rans, la&nbsp; tenue sera lou\u00e9e 60\u20ac. Un ch\u00e8que de caution vous sera demand\u00e9.<\/p>\n<p>L\u2019achat de chaussures de <strong>sport en salle<\/strong> (hand-ball ; volley) avec semelles non marquantes est obligatoire.<\/p>\t\t\t\t\t\t\t\t<\/div>\n\t\t\t\t<\/div>\n\t\t\t\t\t<\/div>\n\t\t<\/div>\n\t\t\t\t\t<\/div>\n\t\t<\/section>\n\t\t\t\t<\/div>\n\t\t","protected":false},"excerpt":{"rendered":"<p>Tout d\u00e9butant \u00e0 partir de M9 doit acheter un gant ainsi qu\u2019un fil de corps. Le club passera plusieurs commandes au cours de la saison. Pour les M5 et M7, le mat\u00e9riel est mis \u00e0 votre disposition. Pour les autres cat\u00e9gories, vous n\u2019\u00eates pas oblig\u00e9 d\u2019acheter la tenue. Vous pouvez [&hellip;]<\/p>\n","protected":false},"author":1,"featured_media":0,"parent":114,"menu_order":0,"comment_status":"closed","ping_status":"closed","template":"","meta":{"jetpack_post_was_ever_published":false,"footnotes":""},"class_list":["post-117","page","type-page","status-publish","hentry"],"jetpack_sharing_enabled":true,"jetpack_shortlink":"https:\/\/wp.me\/PapKhQ-1T","jetpack-related-posts":[],"_links":{"self":[{"href":"https:\/\/escrime-dieppe.fr\/index.php\/wp-json\/wp\/v2\/pages\/117","targetHints":{"allow":["GET"]}}],"collection":[{"href":"https:\/\/escrime-dieppe.fr\/index.php\/wp-json\/wp\/v2\/pages"}],"about":[{"href":"https:\/\/escrime-dieppe.fr\/index.php\/wp-json\/wp\/v2\/types\/page"}],"author":[{"embeddable":true,"href":"https:\/\/escrime-dieppe.fr\/index.php\/wp-json\/wp\/v2\/users\/1"}],"replies":[{"embeddable":true,"href":"https:\/\/escrime-dieppe.fr\/index.php\/wp-json\/wp\/v2\/comments?post=117"}],"version-history":[{"count":6,"href":"https:\/\/escrime-dieppe.fr\/index.php\/wp-json\/wp\/v2\/pages\/117\/revisions"}],"predecessor-version":[{"id":1531,"href":"https:\/\/escrime-dieppe.fr\/index.php\/wp-json\/wp\/v2\/pages\/117\/revisions\/1531"}],"up":[{"embeddable":true,"href":"https:\/\/escrime-dieppe.fr\/index.php\/wp-json\/wp\/v2\/pages\/114"}],"wp:attachment":[{"href":"https:\/\/escrime-dieppe.fr\/index.php\/wp-json\/wp\/v2\/media?parent=117"}],"curies":[{"name":"wp","href":"https:\/\/api.w.org\/{rel}","templated":true}]}}