{"id":182,"date":"2018-04-23T20:45:03","date_gmt":"2018-04-23T18:45:03","guid":{"rendered":"http:\/\/escrime-dieppe.fr\/?page_id=182"},"modified":"2020-04-15T21:49:00","modified_gmt":"2020-04-15T19:49:00","slug":"escrime-et-cancer-du-sein","status":"publish","type":"page","link":"https:\/\/escrime-dieppe.fr\/index.php\/escrime-et-cancer-du-sein\/","title":{"rendered":"Escrime et cancer du sein"},"content":{"rendered":"\t\t<div data-elementor-type=\"wp-post\" data-elementor-id=\"182\" class=\"elementor elementor-182\">\n\t\t\t\t\t\t<section class=\"elementor-section elementor-top-section elementor-element elementor-element-5f8d5205 elementor-section-boxed elementor-section-height-default elementor-section-height-default\" data-id=\"5f8d5205\" data-element_type=\"section\" data-e-type=\"section\">\n\t\t\t\t\t\t<div class=\"elementor-container elementor-column-gap-default\">\n\t\t\t\t\t<div class=\"elementor-column elementor-col-100 elementor-top-column elementor-element elementor-element-156961f6\" data-id=\"156961f6\" data-element_type=\"column\" data-e-type=\"column\">\n\t\t\t<div class=\"elementor-widget-wrap elementor-element-populated\">\n\t\t\t\t\t\t<div class=\"elementor-element elementor-element-6f28495d elementor-widget elementor-widget-text-editor\" data-id=\"6f28495d\" data-element_type=\"widget\" data-e-type=\"widget\" data-widget_type=\"text-editor.default\">\n\t\t\t\t<div class=\"elementor-widget-container\">\n\t\t\t\t\t\t\t\t\t<h1>Escrime et cancer du sein<\/h1><p>Notre club participe au dispositif escrime et cancer du sein. Nous proposons des cours collectifs o\u00f9 nous pratiquons l&rsquo;escrime artistique (film de cape et d&rsquo;\u00e9p\u00e9e) avec du mat\u00e9riel adapt\u00e9.\u00a0 Il n&rsquo;y a aucun contact, aucune touche de port\u00e9e. Nos deux ma\u00eetres d&rsquo;armes ont suivi une formation sp\u00e9cifique. La vid\u00e9o ci-dessous vous pr\u00e9sentera l&rsquo;association Solution Riposte \u00e0 l&rsquo;initiative de ce dispositif. Eux pratiquent l&rsquo;escrime sportive avec un sabre.<\/p><p>La pratique de l\u2019escrime est adapt\u00e9e et compl\u00e9mentaire \u00e0 la r\u00e9\u00e9ducation kin\u00e9 afin de retrouver une excellente mobilit\u00e9 de l&rsquo;\u00e9paule. Elle est soumise \u00e0 l\u2019aval du milieu m\u00e9dical.<\/p><p>Cette activit\u00e9 s\u2019adresse aux femmes qu\u2019elles soient ou non en cours de traitement.<\/p><p>Les s\u00e9ances ont lieu\u00a0 le lundi de 17h00 \u00e0 18h00 durant la p\u00e9riode scolaire. A partir de septembre 2018, un second cr\u00e9neau aura lieu le mercredi de 12h15 \u00e0 13H15.<\/p>\t\t\t\t\t\t\t\t<\/div>\n\t\t\t\t<\/div>\n\t\t\t\t\t<\/div>\n\t\t<\/div>\n\t\t\t\t\t<\/div>\n\t\t<\/section>\n\t\t\t\t<section class=\"elementor-section elementor-top-section elementor-element elementor-element-60a1246 elementor-section-boxed elementor-section-height-default elementor-section-height-default\" data-id=\"60a1246\" data-element_type=\"section\" data-e-type=\"section\">\n\t\t\t\t\t\t<div class=\"elementor-container elementor-column-gap-default\">\n\t\t\t\t\t<div class=\"elementor-column elementor-col-100 elementor-top-column elementor-element elementor-element-b3e29e2\" data-id=\"b3e29e2\" data-element_type=\"column\" data-e-type=\"column\">\n\t\t\t<div class=\"elementor-widget-wrap elementor-element-populated\">\n\t\t\t\t\t\t<div class=\"elementor-element elementor-element-608117c elementor-widget elementor-widget-image\" data-id=\"608117c\" data-element_type=\"widget\" data-e-type=\"widget\" data-widget_type=\"image.default\">\n\t\t\t\t<div class=\"elementor-widget-container\">\n\t\t\t\t\t\t\t\t\t\t\t\t\t\t\t<img fetchpriority=\"high\" decoding=\"async\" data-attachment-id=\"976\" data-permalink=\"https:\/\/escrime-dieppe.fr\/index.php\/escrime-et-cancer-du-sein\/article-info\/\" data-orig-file=\"https:\/\/i0.wp.com\/escrime-dieppe.fr\/wp-content\/uploads\/2020\/04\/ARTICLE-INFO.jpg?fit=1051%2C628&amp;ssl=1\" data-orig-size=\"1051,628\" data-comments-opened=\"1\" data-image-meta=\"{&quot;aperture&quot;:&quot;0&quot;,&quot;credit&quot;:&quot;NC&quot;,&quot;camera&quot;:&quot;&quot;,&quot;caption&quot;:&quot;&quot;,&quot;created_timestamp&quot;:&quot;1586969125&quot;,&quot;copyright&quot;:&quot;&quot;,&quot;focal_length&quot;:&quot;0&quot;,&quot;iso&quot;:&quot;0&quot;,&quot;shutter_speed&quot;:&quot;0&quot;,&quot;title&quot;:&quot;&quot;,&quot;orientation&quot;:&quot;0&quot;}\" data-image-title=\"ARTICLE INFO\" data-image-description=\"\" data-image-caption=\"\" data-large-file=\"https:\/\/i0.wp.com\/escrime-dieppe.fr\/wp-content\/uploads\/2020\/04\/ARTICLE-INFO.jpg?fit=750%2C448&amp;ssl=1\" width=\"750\" height=\"448\" src=\"https:\/\/i0.wp.com\/escrime-dieppe.fr\/wp-content\/uploads\/2020\/04\/ARTICLE-INFO.jpg?fit=750%2C448\" class=\"attachment-large size-large wp-image-976\" alt=\"\" srcset=\"https:\/\/i0.wp.com\/escrime-dieppe.fr\/wp-content\/uploads\/2020\/04\/ARTICLE-INFO.jpg?w=1051 1051w, https:\/\/i0.wp.com\/escrime-dieppe.fr\/wp-content\/uploads\/2020\/04\/ARTICLE-INFO.jpg?resize=300%2C179 300w, https:\/\/i0.wp.com\/escrime-dieppe.fr\/wp-content\/uploads\/2020\/04\/ARTICLE-INFO.jpg?resize=1024%2C612 1024w, https:\/\/i0.wp.com\/escrime-dieppe.fr\/wp-content\/uploads\/2020\/04\/ARTICLE-INFO.jpg?resize=768%2C459 768w\" sizes=\"(max-width: 750px) 100vw, 750px\" data-attachment-id=\"976\" data-permalink=\"http:\/\/escrime-dieppe.fr\/index.php\/escrime-et-cancer-du-sein\/article-info\/\" data-orig-file=\"https:\/\/i0.wp.com\/escrime-dieppe.fr\/wp-content\/uploads\/2020\/04\/ARTICLE-INFO.jpg?fit=1051%2C628\" data-orig-size=\"1051,628\" data-comments-opened=\"1\" data-image-meta=\"{&quot;aperture&quot;:&quot;0&quot;,&quot;credit&quot;:&quot;NC&quot;,&quot;camera&quot;:&quot;&quot;,&quot;caption&quot;:&quot;&quot;,&quot;created_timestamp&quot;:&quot;1586969125&quot;,&quot;copyright&quot;:&quot;&quot;,&quot;focal_length&quot;:&quot;0&quot;,&quot;iso&quot;:&quot;0&quot;,&quot;shutter_speed&quot;:&quot;0&quot;,&quot;title&quot;:&quot;&quot;,&quot;orientation&quot;:&quot;0&quot;}\" data-image-title=\"ARTICLE INFO\" data-image-description=\"\" data-image-caption=\"\" data-large-file=\"https:\/\/i0.wp.com\/escrime-dieppe.fr\/wp-content\/uploads\/2020\/04\/ARTICLE-INFO.jpg?fit=750%2C448\" \/>\t\t\t\t\t\t\t\t\t\t\t\t\t\t\t<\/div>\n\t\t\t\t<\/div>\n\t\t\t\t<div class=\"elementor-element elementor-element-04b5911 elementor-widget elementor-widget-video\" data-id=\"04b5911\" data-element_type=\"widget\" data-e-type=\"widget\" data-settings=\"{&quot;youtube_url&quot;:&quot;https:\\\/\\\/www.youtube.com\\\/watch?v=aNU--400qME&quot;,&quot;video_type&quot;:&quot;youtube&quot;,&quot;controls&quot;:&quot;yes&quot;}\" data-widget_type=\"video.default\">\n\t\t\t\t<div class=\"elementor-widget-container\">\n\t\t\t\t\t\t\t<div class=\"elementor-wrapper elementor-open-inline\">\n\t\t\t<div class=\"elementor-video\"><\/div>\t\t<\/div>\n\t\t\t\t\t\t<\/div>\n\t\t\t\t<\/div>\n\t\t\t\t\t<\/div>\n\t\t<\/div>\n\t\t\t\t\t<\/div>\n\t\t<\/section>\n\t\t\t\t<section class=\"elementor-section elementor-top-section elementor-element elementor-element-f920d53 elementor-section-boxed elementor-section-height-default elementor-section-height-default\" data-id=\"f920d53\" data-element_type=\"section\" data-e-type=\"section\">\n\t\t\t\t\t\t<div class=\"elementor-container elementor-column-gap-default\">\n\t\t\t\t\t<div class=\"elementor-column elementor-col-100 elementor-top-column elementor-element elementor-element-0e2cf52\" data-id=\"0e2cf52\" data-element_type=\"column\" data-e-type=\"column\">\n\t\t\t<div class=\"elementor-widget-wrap\">\n\t\t\t\t\t\t\t<\/div>\n\t\t<\/div>\n\t\t\t\t\t<\/div>\n\t\t<\/section>\n\t\t\t\t<\/div>\n\t\t","protected":false},"excerpt":{"rendered":"<p>Escrime et cancer du sein Notre club participe au dispositif escrime et cancer du sein. Nous proposons des cours collectifs o\u00f9 nous pratiquons l&rsquo;escrime artistique (film de cape et d&rsquo;\u00e9p\u00e9e) avec du mat\u00e9riel adapt\u00e9.&nbsp; Il n&rsquo;y a aucun contact, aucune touche de port\u00e9e. Nos deux ma\u00eetres d&rsquo;armes ont suivi une [&hellip;]<\/p>\n","protected":false},"author":1,"featured_media":0,"parent":0,"menu_order":0,"comment_status":"closed","ping_status":"closed","template":"","meta":{"jetpack_post_was_ever_published":false,"footnotes":""},"class_list":["post-182","page","type-page","status-publish","hentry"],"jetpack_sharing_enabled":true,"jetpack_shortlink":"https:\/\/wp.me\/PapKhQ-2W","jetpack-related-posts":[],"_links":{"self":[{"href":"https:\/\/escrime-dieppe.fr\/index.php\/wp-json\/wp\/v2\/pages\/182","targetHints":{"allow":["GET"]}}],"collection":[{"href":"https:\/\/escrime-dieppe.fr\/index.php\/wp-json\/wp\/v2\/pages"}],"about":[{"href":"https:\/\/escrime-dieppe.fr\/index.php\/wp-json\/wp\/v2\/types\/page"}],"author":[{"embeddable":true,"href":"https:\/\/escrime-dieppe.fr\/index.php\/wp-json\/wp\/v2\/users\/1"}],"replies":[{"embeddable":true,"href":"https:\/\/escrime-dieppe.fr\/index.php\/wp-json\/wp\/v2\/comments?post=182"}],"version-history":[{"count":13,"href":"https:\/\/escrime-dieppe.fr\/index.php\/wp-json\/wp\/v2\/pages\/182\/revisions"}],"predecessor-version":[{"id":997,"href":"https:\/\/escrime-dieppe.fr\/index.php\/wp-json\/wp\/v2\/pages\/182\/revisions\/997"}],"wp:attachment":[{"href":"https:\/\/escrime-dieppe.fr\/index.php\/wp-json\/wp\/v2\/media?parent=182"}],"curies":[{"name":"wp","href":"https:\/\/api.w.org\/{rel}","templated":true}]}}