{"id":228,"date":"2018-06-12T21:32:29","date_gmt":"2018-06-12T19:32:29","guid":{"rendered":"http:\/\/escrime-dieppe.fr\/?page_id=228"},"modified":"2022-08-31T21:53:48","modified_gmt":"2022-08-31T19:53:48","slug":"nos-equipes","status":"publish","type":"page","link":"https:\/\/escrime-dieppe.fr\/index.php\/competition\/nos-equipes\/","title":{"rendered":"Nos \u00e9quipes"},"content":{"rendered":"\t\t<div data-elementor-type=\"wp-post\" data-elementor-id=\"228\" class=\"elementor elementor-228\">\n\t\t\t\t\t\t<section class=\"elementor-section elementor-top-section elementor-element elementor-element-5c017c6 elementor-section-stretched elementor-section-boxed elementor-section-height-default elementor-section-height-default\" data-id=\"5c017c6\" data-element_type=\"section\" data-e-type=\"section\" data-settings=\"{&quot;stretch_section&quot;:&quot;section-stretched&quot;}\">\n\t\t\t\t\t\t<div class=\"elementor-container elementor-column-gap-default\">\n\t\t\t\t\t<div class=\"elementor-column elementor-col-50 elementor-top-column elementor-element elementor-element-3b359a3\" data-id=\"3b359a3\" data-element_type=\"column\" data-e-type=\"column\">\n\t\t\t<div class=\"elementor-widget-wrap elementor-element-populated\">\n\t\t\t\t\t\t<div class=\"elementor-element elementor-element-bb270e1 elementor-widget elementor-widget-image\" data-id=\"bb270e1\" data-element_type=\"widget\" data-e-type=\"widget\" data-widget_type=\"image.default\">\n\t\t\t\t<div class=\"elementor-widget-container\">\n\t\t\t\t\t\t\t\t\t\t\t\t\t\t\t<img fetchpriority=\"high\" decoding=\"async\" data-attachment-id=\"1338\" data-permalink=\"https:\/\/escrime-dieppe.fr\/index.php\/competition\/nos-equipes\/attachment\/1661974721103\/\" data-orig-file=\"https:\/\/i0.wp.com\/escrime-dieppe.fr\/wp-content\/uploads\/2022\/08\/1661974721103.jpeg?fit=2048%2C1366&amp;ssl=1\" data-orig-size=\"2048,1366\" data-comments-opened=\"1\" data-image-meta=\"{&quot;aperture&quot;:&quot;0&quot;,&quot;credit&quot;:&quot;&quot;,&quot;camera&quot;:&quot;&quot;,&quot;caption&quot;:&quot;&quot;,&quot;created_timestamp&quot;:&quot;0&quot;,&quot;copyright&quot;:&quot;&quot;,&quot;focal_length&quot;:&quot;0&quot;,&quot;iso&quot;:&quot;0&quot;,&quot;shutter_speed&quot;:&quot;0&quot;,&quot;title&quot;:&quot;&quot;,&quot;orientation&quot;:&quot;0&quot;}\" data-image-title=\"1661974721103\" data-image-description=\"\" data-image-caption=\"\" data-large-file=\"https:\/\/i0.wp.com\/escrime-dieppe.fr\/wp-content\/uploads\/2022\/08\/1661974721103.jpeg?fit=750%2C500&amp;ssl=1\" width=\"750\" height=\"500\" src=\"https:\/\/i0.wp.com\/escrime-dieppe.fr\/wp-content\/uploads\/2022\/08\/1661974721103.jpeg?fit=750%2C500&amp;ssl=1\" class=\"attachment-large size-large wp-image-1338\" alt=\"\" srcset=\"https:\/\/i0.wp.com\/escrime-dieppe.fr\/wp-content\/uploads\/2022\/08\/1661974721103.jpeg?w=2048&amp;ssl=1 2048w, https:\/\/i0.wp.com\/escrime-dieppe.fr\/wp-content\/uploads\/2022\/08\/1661974721103.jpeg?resize=300%2C200&amp;ssl=1 300w, https:\/\/i0.wp.com\/escrime-dieppe.fr\/wp-content\/uploads\/2022\/08\/1661974721103.jpeg?resize=1024%2C683&amp;ssl=1 1024w, https:\/\/i0.wp.com\/escrime-dieppe.fr\/wp-content\/uploads\/2022\/08\/1661974721103.jpeg?resize=768%2C512&amp;ssl=1 768w, https:\/\/i0.wp.com\/escrime-dieppe.fr\/wp-content\/uploads\/2022\/08\/1661974721103.jpeg?resize=1536%2C1025&amp;ssl=1 1536w, https:\/\/i0.wp.com\/escrime-dieppe.fr\/wp-content\/uploads\/2022\/08\/1661974721103.jpeg?resize=360%2C240&amp;ssl=1 360w, https:\/\/i0.wp.com\/escrime-dieppe.fr\/wp-content\/uploads\/2022\/08\/1661974721103.jpeg?resize=272%2C182&amp;ssl=1 272w\" sizes=\"(max-width: 750px) 100vw, 750px\" data-attachment-id=\"1338\" data-permalink=\"https:\/\/escrime-dieppe.fr\/index.php\/competition\/nos-equipes\/attachment\/1661974721103\/\" data-orig-file=\"https:\/\/i0.wp.com\/escrime-dieppe.fr\/wp-content\/uploads\/2022\/08\/1661974721103.jpeg?fit=2048%2C1366&amp;ssl=1\" data-orig-size=\"2048,1366\" data-comments-opened=\"1\" data-image-meta=\"{&quot;aperture&quot;:&quot;0&quot;,&quot;credit&quot;:&quot;&quot;,&quot;camera&quot;:&quot;&quot;,&quot;caption&quot;:&quot;&quot;,&quot;created_timestamp&quot;:&quot;0&quot;,&quot;copyright&quot;:&quot;&quot;,&quot;focal_length&quot;:&quot;0&quot;,&quot;iso&quot;:&quot;0&quot;,&quot;shutter_speed&quot;:&quot;0&quot;,&quot;title&quot;:&quot;&quot;,&quot;orientation&quot;:&quot;0&quot;}\" data-image-title=\"1661974721103\" data-image-description=\"\" data-image-caption=\"\" data-large-file=\"https:\/\/i0.wp.com\/escrime-dieppe.fr\/wp-content\/uploads\/2022\/08\/1661974721103.jpeg?fit=750%2C500&amp;ssl=1\" \/>\t\t\t\t\t\t\t\t\t\t\t\t\t\t\t<\/div>\n\t\t\t\t<\/div>\n\t\t\t\t\t<\/div>\n\t\t<\/div>\n\t\t\t\t<div class=\"elementor-column elementor-col-50 elementor-top-column elementor-element elementor-element-2e8cd8c\" data-id=\"2e8cd8c\" data-element_type=\"column\" data-e-type=\"column\">\n\t\t\t<div class=\"elementor-widget-wrap elementor-element-populated\">\n\t\t\t\t\t\t<div class=\"elementor-element elementor-element-842cf61 elementor-widget elementor-widget-heading\" data-id=\"842cf61\" data-element_type=\"widget\" data-e-type=\"widget\" data-widget_type=\"heading.default\">\n\t\t\t\t<div class=\"elementor-widget-container\">\n\t\t\t\t\t<h2 class=\"elementor-heading-title elementor-size-default\">Notre \u00e9quipe Homme en N1<\/h2>\t\t\t\t<\/div>\n\t\t\t\t<\/div>\n\t\t\t\t<div class=\"elementor-element elementor-element-f59e665 elementor-widget elementor-widget-accordion\" data-id=\"f59e665\" data-element_type=\"widget\" data-e-type=\"widget\" data-widget_type=\"accordion.default\">\n\t\t\t\t<div class=\"elementor-widget-container\">\n\t\t\t\t\t\t\t<div class=\"elementor-accordion\">\n\t\t\t\t\t\t\t<div class=\"elementor-accordion-item\">\n\t\t\t\t\t<div id=\"elementor-tab-title-2571\" class=\"elementor-tab-title\" data-tab=\"1\" role=\"button\" aria-controls=\"elementor-tab-content-2571\" aria-expanded=\"false\">\n\t\t\t\t\t\t\t\t\t\t\t\t\t<span class=\"elementor-accordion-icon elementor-accordion-icon-left\" aria-hidden=\"true\">\n\t\t\t\t\t\t\t\t\t\t\t\t\t\t\t<i class=\"elementor-accordion-icon-closed fa fa-plus\"><\/i>\n\t\t\t\t\t\t\t\t<i class=\"elementor-accordion-icon-opened fa fa-minus\"><\/i>\n\t\t\t\t\t\t\t\t\t\t\t\t\t\t<\/span>\n\t\t\t\t\t\t\t\t\t\t\t\t<a class=\"elementor-accordion-title\" tabindex=\"0\">Composition<\/a>\n\t\t\t\t\t<\/div>\n\t\t\t\t\t<div id=\"elementor-tab-content-2571\" class=\"elementor-tab-content elementor-clearfix\" data-tab=\"1\" role=\"region\" aria-labelledby=\"elementor-tab-title-2571\"><p><span>Raymond JELSCH &#8211; Patrick JORGENSEN &#8211; Steeven SELOI\u00a0 &#8211; Yoran VASSEUR<br \/><\/span><\/p><\/div>\n\t\t\t\t<\/div>\n\t\t\t\t\t\t\t<div class=\"elementor-accordion-item\">\n\t\t\t\t\t<div id=\"elementor-tab-title-2572\" class=\"elementor-tab-title\" data-tab=\"2\" role=\"button\" aria-controls=\"elementor-tab-content-2572\" aria-expanded=\"false\">\n\t\t\t\t\t\t\t\t\t\t\t\t\t<span class=\"elementor-accordion-icon elementor-accordion-icon-left\" aria-hidden=\"true\">\n\t\t\t\t\t\t\t\t\t\t\t\t\t\t\t<i class=\"elementor-accordion-icon-closed fa fa-plus\"><\/i>\n\t\t\t\t\t\t\t\t<i class=\"elementor-accordion-icon-opened fa fa-minus\"><\/i>\n\t\t\t\t\t\t\t\t\t\t\t\t\t\t<\/span>\n\t\t\t\t\t\t\t\t\t\t\t\t<a class=\"elementor-accordion-title\" tabindex=\"0\">Palmar\u00e8s<\/a>\n\t\t\t\t\t<\/div>\n\t\t\t\t\t<div id=\"elementor-tab-content-2572\" class=\"elementor-tab-content elementor-clearfix\" data-tab=\"2\" role=\"region\" aria-labelledby=\"elementor-tab-title-2572\"><ul><li>4\u00e8me des championnats de France N1<\/li><li>Pas de championnat en 2019-2020 et 2020-2021<\/li><li>11\u00e8me des championnats de France N1 en 2018 2019<\/li><li>13\u00e8me des championnats de France N1 en 2017 2018<\/li><li>Vice champion de france N2 en 2016 2017<\/li><li>M\u00e9daille de Bronze au championnat de France N3 en 2015 2016<\/li><li>Champion de Zone en 2015 2016<\/li><li>Champion de Haute Normandie en 2015 &#8211; 2016<\/li><\/ul><\/div>\n\t\t\t\t<\/div>\n\t\t\t\t\t\t\t\t<\/div>\n\t\t\t\t\t\t<\/div>\n\t\t\t\t<\/div>\n\t\t\t\t\t<\/div>\n\t\t<\/div>\n\t\t\t\t\t<\/div>\n\t\t<\/section>\n\t\t\t\t<section class=\"elementor-section elementor-top-section elementor-element elementor-element-5dd elementor-section-stretched elementor-section-boxed elementor-section-height-default elementor-section-height-default\" data-id=\"5dd\" data-element_type=\"section\" data-e-type=\"section\" data-settings=\"{&quot;stretch_section&quot;:&quot;section-stretched&quot;}\">\n\t\t\t\t\t\t<div class=\"elementor-container elementor-column-gap-default\">\n\t\t\t\t\t<div class=\"elementor-column elementor-col-100 elementor-top-column elementor-element elementor-element-55b4\" data-id=\"55b4\" data-element_type=\"column\" data-e-type=\"column\">\n\t\t\t<div class=\"elementor-widget-wrap elementor-element-populated\">\n\t\t\t\t\t\t<div class=\"elementor-element elementor-element-94e4a5b elementor-widget-divider--view-line elementor-widget elementor-widget-divider\" data-id=\"94e4a5b\" data-element_type=\"widget\" data-e-type=\"widget\" data-widget_type=\"divider.default\">\n\t\t\t\t<div class=\"elementor-widget-container\">\n\t\t\t\t\t\t\t<div class=\"elementor-divider\">\n\t\t\t<span class=\"elementor-divider-separator\">\n\t\t\t\t\t\t<\/span>\n\t\t<\/div>\n\t\t\t\t\t\t<\/div>\n\t\t\t\t<\/div>\n\t\t\t\t\t<\/div>\n\t\t<\/div>\n\t\t\t\t\t<\/div>\n\t\t<\/section>\n\t\t\t\t<section class=\"elementor-section elementor-top-section elementor-element elementor-element-3a26443 elementor-section-stretched elementor-section-boxed elementor-section-height-default elementor-section-height-default\" data-id=\"3a26443\" data-element_type=\"section\" data-e-type=\"section\" data-settings=\"{&quot;stretch_section&quot;:&quot;section-stretched&quot;}\">\n\t\t\t\t\t\t<div class=\"elementor-container elementor-column-gap-default\">\n\t\t\t\t\t<div class=\"elementor-column elementor-col-50 elementor-top-column elementor-element elementor-element-3099ad7\" data-id=\"3099ad7\" data-element_type=\"column\" data-e-type=\"column\">\n\t\t\t<div class=\"elementor-widget-wrap elementor-element-populated\">\n\t\t\t\t\t\t<div class=\"elementor-element elementor-element-2c6 elementor-widget elementor-widget-heading\" data-id=\"2c6\" data-element_type=\"widget\" data-e-type=\"widget\" data-widget_type=\"heading.default\">\n\t\t\t\t<div class=\"elementor-widget-container\">\n\t\t\t\t\t<h2 class=\"elementor-heading-title elementor-size-default\">Notre \u00e9quipe Femme en N1<\/h2>\t\t\t\t<\/div>\n\t\t\t\t<\/div>\n\t\t\t\t<div class=\"elementor-element elementor-element-3287 elementor-widget elementor-widget-accordion\" data-id=\"3287\" data-element_type=\"widget\" data-e-type=\"widget\" data-widget_type=\"accordion.default\">\n\t\t\t\t<div class=\"elementor-widget-container\">\n\t\t\t\t\t\t\t<div class=\"elementor-accordion\">\n\t\t\t\t\t\t\t<div class=\"elementor-accordion-item\">\n\t\t\t\t\t<div id=\"elementor-tab-title-1291\" class=\"elementor-tab-title\" data-tab=\"1\" role=\"button\" aria-controls=\"elementor-tab-content-1291\" aria-expanded=\"false\">\n\t\t\t\t\t\t\t\t\t\t\t\t\t<span class=\"elementor-accordion-icon elementor-accordion-icon-left\" aria-hidden=\"true\">\n\t\t\t\t\t\t\t\t\t\t\t\t\t\t\t<i class=\"elementor-accordion-icon-closed fa fa-plus\"><\/i>\n\t\t\t\t\t\t\t\t<i class=\"elementor-accordion-icon-opened fa fa-minus\"><\/i>\n\t\t\t\t\t\t\t\t\t\t\t\t\t\t<\/span>\n\t\t\t\t\t\t\t\t\t\t\t\t<a class=\"elementor-accordion-title\" tabindex=\"0\">Composition<\/a>\n\t\t\t\t\t<\/div>\n\t\t\t\t\t<div id=\"elementor-tab-content-1291\" class=\"elementor-tab-content elementor-clearfix\" data-tab=\"1\" role=\"region\" aria-labelledby=\"elementor-tab-title-1291\"><p><span>Lauriane BODIN &#8211; Kelly BOONE &#8211; Pascale ERGAND &#8211; M\u00e9lanie FEYTIE &#8211; Laura STAEHLI\u00a0<br \/><\/span><\/p><\/div>\n\t\t\t\t<\/div>\n\t\t\t\t\t\t\t<div class=\"elementor-accordion-item\">\n\t\t\t\t\t<div id=\"elementor-tab-title-1292\" class=\"elementor-tab-title\" data-tab=\"2\" role=\"button\" aria-controls=\"elementor-tab-content-1292\" aria-expanded=\"false\">\n\t\t\t\t\t\t\t\t\t\t\t\t\t<span class=\"elementor-accordion-icon elementor-accordion-icon-left\" aria-hidden=\"true\">\n\t\t\t\t\t\t\t\t\t\t\t\t\t\t\t<i class=\"elementor-accordion-icon-closed fa fa-plus\"><\/i>\n\t\t\t\t\t\t\t\t<i class=\"elementor-accordion-icon-opened fa fa-minus\"><\/i>\n\t\t\t\t\t\t\t\t\t\t\t\t\t\t<\/span>\n\t\t\t\t\t\t\t\t\t\t\t\t<a class=\"elementor-accordion-title\" tabindex=\"0\">Palmar\u00e8s<\/a>\n\t\t\t\t\t<\/div>\n\t\t\t\t\t<div id=\"elementor-tab-content-1292\" class=\"elementor-tab-content elementor-clearfix\" data-tab=\"2\" role=\"region\" aria-labelledby=\"elementor-tab-title-1292\"><ul><li>9\u00e8me des championnats de France N1 2021 &#8211; 2022<\/li><li>Pas de championnat de France en 2019-2020 et 2020-2021<\/li><li>7\u00e8me des championnats de France N1 en 2018 2019<\/li><li>5\u00e8me des championnats de France N1 en 2017 &#8211; 2018<\/li><li>11\u00e8me des championnats de France N1 en 2016 2017<\/li><li>3\u00e8me des championnats de france N2 en 2015 &#8211; 2016<\/li><li>3\u00e8me des championnats de france N3 en 2014 2015<\/li><li>Championne de zone 2014 2015<\/li><\/ul><\/div>\n\t\t\t\t<\/div>\n\t\t\t\t\t\t\t\t<\/div>\n\t\t\t\t\t\t<\/div>\n\t\t\t\t<\/div>\n\t\t\t\t\t<\/div>\n\t\t<\/div>\n\t\t\t\t<div class=\"elementor-column elementor-col-50 elementor-top-column elementor-element elementor-element-7dfdfc2\" data-id=\"7dfdfc2\" data-element_type=\"column\" data-e-type=\"column\">\n\t\t\t<div class=\"elementor-widget-wrap elementor-element-populated\">\n\t\t\t\t\t\t<div class=\"elementor-element elementor-element-24f8746 elementor-widget elementor-widget-image\" data-id=\"24f8746\" data-element_type=\"widget\" data-e-type=\"widget\" data-widget_type=\"image.default\">\n\t\t\t\t<div class=\"elementor-widget-container\">\n\t\t\t\t\t\t\t\t\t\t\t\t\t\t\t<img decoding=\"async\" data-attachment-id=\"1339\" data-permalink=\"https:\/\/escrime-dieppe.fr\/index.php\/competition\/nos-equipes\/attachment\/1661974872593\/\" data-orig-file=\"https:\/\/i0.wp.com\/escrime-dieppe.fr\/wp-content\/uploads\/2022\/08\/1661974872593.jpg?fit=1080%2C815&amp;ssl=1\" data-orig-size=\"1080,815\" data-comments-opened=\"1\" data-image-meta=\"{&quot;aperture&quot;:&quot;0&quot;,&quot;credit&quot;:&quot;&quot;,&quot;camera&quot;:&quot;&quot;,&quot;caption&quot;:&quot;&quot;,&quot;created_timestamp&quot;:&quot;0&quot;,&quot;copyright&quot;:&quot;&quot;,&quot;focal_length&quot;:&quot;0&quot;,&quot;iso&quot;:&quot;0&quot;,&quot;shutter_speed&quot;:&quot;0&quot;,&quot;title&quot;:&quot;&quot;,&quot;orientation&quot;:&quot;0&quot;}\" data-image-title=\"1661974872593\" data-image-description=\"\" data-image-caption=\"\" data-large-file=\"https:\/\/i0.wp.com\/escrime-dieppe.fr\/wp-content\/uploads\/2022\/08\/1661974872593.jpg?fit=750%2C566&amp;ssl=1\" width=\"750\" height=\"566\" src=\"https:\/\/i0.wp.com\/escrime-dieppe.fr\/wp-content\/uploads\/2022\/08\/1661974872593.jpg?fit=750%2C566&amp;ssl=1\" class=\"attachment-large size-large wp-image-1339\" alt=\"\" srcset=\"https:\/\/i0.wp.com\/escrime-dieppe.fr\/wp-content\/uploads\/2022\/08\/1661974872593.jpg?w=1080&amp;ssl=1 1080w, https:\/\/i0.wp.com\/escrime-dieppe.fr\/wp-content\/uploads\/2022\/08\/1661974872593.jpg?resize=300%2C226&amp;ssl=1 300w, https:\/\/i0.wp.com\/escrime-dieppe.fr\/wp-content\/uploads\/2022\/08\/1661974872593.jpg?resize=1024%2C773&amp;ssl=1 1024w, https:\/\/i0.wp.com\/escrime-dieppe.fr\/wp-content\/uploads\/2022\/08\/1661974872593.jpg?resize=768%2C580&amp;ssl=1 768w\" sizes=\"(max-width: 750px) 100vw, 750px\" data-attachment-id=\"1339\" data-permalink=\"https:\/\/escrime-dieppe.fr\/index.php\/competition\/nos-equipes\/attachment\/1661974872593\/\" data-orig-file=\"https:\/\/i0.wp.com\/escrime-dieppe.fr\/wp-content\/uploads\/2022\/08\/1661974872593.jpg?fit=1080%2C815&amp;ssl=1\" data-orig-size=\"1080,815\" data-comments-opened=\"1\" data-image-meta=\"{&quot;aperture&quot;:&quot;0&quot;,&quot;credit&quot;:&quot;&quot;,&quot;camera&quot;:&quot;&quot;,&quot;caption&quot;:&quot;&quot;,&quot;created_timestamp&quot;:&quot;0&quot;,&quot;copyright&quot;:&quot;&quot;,&quot;focal_length&quot;:&quot;0&quot;,&quot;iso&quot;:&quot;0&quot;,&quot;shutter_speed&quot;:&quot;0&quot;,&quot;title&quot;:&quot;&quot;,&quot;orientation&quot;:&quot;0&quot;}\" data-image-title=\"1661974872593\" data-image-description=\"\" data-image-caption=\"\" data-large-file=\"https:\/\/i0.wp.com\/escrime-dieppe.fr\/wp-content\/uploads\/2022\/08\/1661974872593.jpg?fit=750%2C566&amp;ssl=1\" \/>\t\t\t\t\t\t\t\t\t\t\t\t\t\t\t<\/div>\n\t\t\t\t<\/div>\n\t\t\t\t\t<\/div>\n\t\t<\/div>\n\t\t\t\t\t<\/div>\n\t\t<\/section>\n\t\t\t\t<section class=\"elementor-section elementor-top-section elementor-element elementor-element-8908c40 elementor-section-stretched elementor-section-boxed elementor-section-height-default elementor-section-height-default\" data-id=\"8908c40\" data-element_type=\"section\" data-e-type=\"section\" data-settings=\"{&quot;stretch_section&quot;:&quot;section-stretched&quot;}\">\n\t\t\t\t\t\t<div class=\"elementor-container elementor-column-gap-default\">\n\t\t\t\t\t<div class=\"elementor-column elementor-col-100 elementor-top-column elementor-element elementor-element-f72300d\" data-id=\"f72300d\" data-element_type=\"column\" data-e-type=\"column\">\n\t\t\t<div class=\"elementor-widget-wrap elementor-element-populated\">\n\t\t\t\t\t\t<div class=\"elementor-element elementor-element-c280e53 elementor-widget-divider--view-line elementor-widget elementor-widget-divider\" data-id=\"c280e53\" data-element_type=\"widget\" data-e-type=\"widget\" data-widget_type=\"divider.default\">\n\t\t\t\t<div class=\"elementor-widget-container\">\n\t\t\t\t\t\t\t<div class=\"elementor-divider\">\n\t\t\t<span class=\"elementor-divider-separator\">\n\t\t\t\t\t\t<\/span>\n\t\t<\/div>\n\t\t\t\t\t\t<\/div>\n\t\t\t\t<\/div>\n\t\t\t\t\t<\/div>\n\t\t<\/div>\n\t\t\t\t\t<\/div>\n\t\t<\/section>\n\t\t\t\t<section class=\"elementor-section elementor-top-section elementor-element elementor-element-3f7c57a elementor-section-stretched elementor-section-boxed elementor-section-height-default elementor-section-height-default\" data-id=\"3f7c57a\" data-element_type=\"section\" data-e-type=\"section\" data-settings=\"{&quot;stretch_section&quot;:&quot;section-stretched&quot;}\">\n\t\t\t\t\t\t<div class=\"elementor-container elementor-column-gap-default\">\n\t\t\t\t\t<div class=\"elementor-column elementor-col-50 elementor-top-column elementor-element elementor-element-795b8e0\" data-id=\"795b8e0\" data-element_type=\"column\" data-e-type=\"column\">\n\t\t\t<div class=\"elementor-widget-wrap elementor-element-populated\">\n\t\t\t\t\t\t<div class=\"elementor-element elementor-element-ad5d3ef elementor-widget elementor-widget-image\" data-id=\"ad5d3ef\" data-element_type=\"widget\" data-e-type=\"widget\" data-widget_type=\"image.default\">\n\t\t\t\t<div class=\"elementor-widget-container\">\n\t\t\t\t\t\t\t\t\t\t\t\t\t\t\t<img decoding=\"async\" data-attachment-id=\"1339\" data-permalink=\"https:\/\/escrime-dieppe.fr\/index.php\/competition\/nos-equipes\/attachment\/1661974872593\/\" data-orig-file=\"https:\/\/i0.wp.com\/escrime-dieppe.fr\/wp-content\/uploads\/2022\/08\/1661974872593.jpg?fit=1080%2C815&amp;ssl=1\" data-orig-size=\"1080,815\" data-comments-opened=\"1\" data-image-meta=\"{&quot;aperture&quot;:&quot;0&quot;,&quot;credit&quot;:&quot;&quot;,&quot;camera&quot;:&quot;&quot;,&quot;caption&quot;:&quot;&quot;,&quot;created_timestamp&quot;:&quot;0&quot;,&quot;copyright&quot;:&quot;&quot;,&quot;focal_length&quot;:&quot;0&quot;,&quot;iso&quot;:&quot;0&quot;,&quot;shutter_speed&quot;:&quot;0&quot;,&quot;title&quot;:&quot;&quot;,&quot;orientation&quot;:&quot;0&quot;}\" data-image-title=\"1661974872593\" data-image-description=\"\" data-image-caption=\"\" data-large-file=\"https:\/\/i0.wp.com\/escrime-dieppe.fr\/wp-content\/uploads\/2022\/08\/1661974872593.jpg?fit=750%2C566&amp;ssl=1\" width=\"750\" height=\"566\" src=\"https:\/\/i0.wp.com\/escrime-dieppe.fr\/wp-content\/uploads\/2022\/08\/1661974872593.jpg?fit=750%2C566&amp;ssl=1\" class=\"attachment-large size-large wp-image-1339\" alt=\"\" srcset=\"https:\/\/i0.wp.com\/escrime-dieppe.fr\/wp-content\/uploads\/2022\/08\/1661974872593.jpg?w=1080&amp;ssl=1 1080w, https:\/\/i0.wp.com\/escrime-dieppe.fr\/wp-content\/uploads\/2022\/08\/1661974872593.jpg?resize=300%2C226&amp;ssl=1 300w, https:\/\/i0.wp.com\/escrime-dieppe.fr\/wp-content\/uploads\/2022\/08\/1661974872593.jpg?resize=1024%2C773&amp;ssl=1 1024w, https:\/\/i0.wp.com\/escrime-dieppe.fr\/wp-content\/uploads\/2022\/08\/1661974872593.jpg?resize=768%2C580&amp;ssl=1 768w\" sizes=\"(max-width: 750px) 100vw, 750px\" data-attachment-id=\"1339\" data-permalink=\"https:\/\/escrime-dieppe.fr\/index.php\/competition\/nos-equipes\/attachment\/1661974872593\/\" data-orig-file=\"https:\/\/i0.wp.com\/escrime-dieppe.fr\/wp-content\/uploads\/2022\/08\/1661974872593.jpg?fit=1080%2C815&amp;ssl=1\" data-orig-size=\"1080,815\" data-comments-opened=\"1\" data-image-meta=\"{&quot;aperture&quot;:&quot;0&quot;,&quot;credit&quot;:&quot;&quot;,&quot;camera&quot;:&quot;&quot;,&quot;caption&quot;:&quot;&quot;,&quot;created_timestamp&quot;:&quot;0&quot;,&quot;copyright&quot;:&quot;&quot;,&quot;focal_length&quot;:&quot;0&quot;,&quot;iso&quot;:&quot;0&quot;,&quot;shutter_speed&quot;:&quot;0&quot;,&quot;title&quot;:&quot;&quot;,&quot;orientation&quot;:&quot;0&quot;}\" data-image-title=\"1661974872593\" data-image-description=\"\" data-image-caption=\"\" data-large-file=\"https:\/\/i0.wp.com\/escrime-dieppe.fr\/wp-content\/uploads\/2022\/08\/1661974872593.jpg?fit=750%2C566&amp;ssl=1\" \/>\t\t\t\t\t\t\t\t\t\t\t\t\t\t\t<\/div>\n\t\t\t\t<\/div>\n\t\t\t\t\t<\/div>\n\t\t<\/div>\n\t\t\t\t<div class=\"elementor-column elementor-col-50 elementor-top-column elementor-element elementor-element-d572553\" data-id=\"d572553\" data-element_type=\"column\" data-e-type=\"column\">\n\t\t\t<div class=\"elementor-widget-wrap elementor-element-populated\">\n\t\t\t\t\t\t<div class=\"elementor-element elementor-element-bb481ae elementor-widget elementor-widget-heading\" data-id=\"bb481ae\" data-element_type=\"widget\" data-e-type=\"widget\" data-widget_type=\"heading.default\">\n\t\t\t\t<div class=\"elementor-widget-container\">\n\t\t\t\t\t<h2 class=\"elementor-heading-title elementor-size-default\">Notre \u00e9quipe Femme en N2<\/h2>\t\t\t\t<\/div>\n\t\t\t\t<\/div>\n\t\t\t\t<div class=\"elementor-element elementor-element-70af1cf elementor-widget elementor-widget-accordion\" data-id=\"70af1cf\" data-element_type=\"widget\" data-e-type=\"widget\" data-widget_type=\"accordion.default\">\n\t\t\t\t<div class=\"elementor-widget-container\">\n\t\t\t\t\t\t\t<div class=\"elementor-accordion\">\n\t\t\t\t\t\t\t<div class=\"elementor-accordion-item\">\n\t\t\t\t\t<div id=\"elementor-tab-title-1181\" class=\"elementor-tab-title\" data-tab=\"1\" role=\"button\" aria-controls=\"elementor-tab-content-1181\" aria-expanded=\"false\">\n\t\t\t\t\t\t\t\t\t\t\t\t\t<span class=\"elementor-accordion-icon elementor-accordion-icon-left\" aria-hidden=\"true\">\n\t\t\t\t\t\t\t\t\t\t\t\t\t\t\t<i class=\"elementor-accordion-icon-closed fa fa-plus\"><\/i>\n\t\t\t\t\t\t\t\t<i class=\"elementor-accordion-icon-opened fa fa-minus\"><\/i>\n\t\t\t\t\t\t\t\t\t\t\t\t\t\t<\/span>\n\t\t\t\t\t\t\t\t\t\t\t\t<a class=\"elementor-accordion-title\" tabindex=\"0\">Composition<\/a>\n\t\t\t\t\t<\/div>\n\t\t\t\t\t<div id=\"elementor-tab-content-1181\" class=\"elementor-tab-content elementor-clearfix\" data-tab=\"1\" role=\"region\" aria-labelledby=\"elementor-tab-title-1181\"><p><span>Marie-Laure BRIANCHON &#8211; Apolline PELLECUER &#8211; Tiphaine PELLE &#8211; Elena SEILLE &#8211; Natalia TOBY<br \/><\/span><\/p><\/div>\n\t\t\t\t<\/div>\n\t\t\t\t\t\t\t<div class=\"elementor-accordion-item\">\n\t\t\t\t\t<div id=\"elementor-tab-title-1182\" class=\"elementor-tab-title\" data-tab=\"2\" role=\"button\" aria-controls=\"elementor-tab-content-1182\" aria-expanded=\"false\">\n\t\t\t\t\t\t\t\t\t\t\t\t\t<span class=\"elementor-accordion-icon elementor-accordion-icon-left\" aria-hidden=\"true\">\n\t\t\t\t\t\t\t\t\t\t\t\t\t\t\t<i class=\"elementor-accordion-icon-closed fa fa-plus\"><\/i>\n\t\t\t\t\t\t\t\t<i class=\"elementor-accordion-icon-opened fa fa-minus\"><\/i>\n\t\t\t\t\t\t\t\t\t\t\t\t\t\t<\/span>\n\t\t\t\t\t\t\t\t\t\t\t\t<a class=\"elementor-accordion-title\" tabindex=\"0\">Palmar\u00e8s<\/a>\n\t\t\t\t\t<\/div>\n\t\t\t\t\t<div id=\"elementor-tab-content-1182\" class=\"elementor-tab-content elementor-clearfix\" data-tab=\"2\" role=\"region\" aria-labelledby=\"elementor-tab-title-1182\"><ul><li>3\u00e8me des championnats de France N2 en 2021 &#8211; 2022<\/li><li>Pas de championnat de France en 2019-2020 et 2020-2021<\/li><li>6\u00e8me des championnats de France N2 en 2018 &#8211; 2019<\/li><li>M\u00e9daille de bronze au championnat de France N3 en 2017 &#8211; 2018 et promotion en N2<\/li><li>Championne de Normandie en 2017 &#8211; 2018<\/li><\/ul><\/div>\n\t\t\t\t<\/div>\n\t\t\t\t\t\t\t\t<\/div>\n\t\t\t\t\t\t<\/div>\n\t\t\t\t<\/div>\n\t\t\t\t\t<\/div>\n\t\t<\/div>\n\t\t\t\t\t<\/div>\n\t\t<\/section>\n\t\t\t\t<section class=\"elementor-section elementor-top-section elementor-element elementor-element-c389eaf elementor-section-boxed elementor-section-height-default elementor-section-height-default\" data-id=\"c389eaf\" data-element_type=\"section\" data-e-type=\"section\">\n\t\t\t\t\t\t<div class=\"elementor-container elementor-column-gap-default\">\n\t\t\t\t\t<div class=\"elementor-column elementor-col-100 elementor-top-column elementor-element elementor-element-5f63c80\" data-id=\"5f63c80\" data-element_type=\"column\" data-e-type=\"column\">\n\t\t\t<div class=\"elementor-widget-wrap\">\n\t\t\t\t\t\t\t<\/div>\n\t\t<\/div>\n\t\t\t\t\t<\/div>\n\t\t<\/section>\n\t\t\t\t<\/div>\n\t\t","protected":false},"excerpt":{"rendered":"<p>Notre \u00e9quipe Homme en N1 Composition Raymond JELSCH &#8211; Patrick JORGENSEN &#8211; Steeven SELOI\u00a0 &#8211; Yoran VASSEUR Palmar\u00e8s 4\u00e8me des championnats de France N1 Pas de championnat en 2019-2020 et 2020-2021 11\u00e8me des championnats de France N1 en 2018 2019 13\u00e8me des championnats de France N1 en 2017 2018 Vice [&hellip;]<\/p>\n","protected":false},"author":1,"featured_media":0,"parent":34,"menu_order":0,"comment_status":"closed","ping_status":"closed","template":"","meta":{"jetpack_post_was_ever_published":false,"footnotes":""},"class_list":["post-228","page","type-page","status-publish","hentry"],"jetpack_sharing_enabled":true,"jetpack_shortlink":"https:\/\/wp.me\/PapKhQ-3G","jetpack-related-posts":[],"_links":{"self":[{"href":"https:\/\/escrime-dieppe.fr\/index.php\/wp-json\/wp\/v2\/pages\/228","targetHints":{"allow":["GET"]}}],"collection":[{"href":"https:\/\/escrime-dieppe.fr\/index.php\/wp-json\/wp\/v2\/pages"}],"about":[{"href":"https:\/\/escrime-dieppe.fr\/index.php\/wp-json\/wp\/v2\/types\/page"}],"author":[{"embeddable":true,"href":"https:\/\/escrime-dieppe.fr\/index.php\/wp-json\/wp\/v2\/users\/1"}],"replies":[{"embeddable":true,"href":"https:\/\/escrime-dieppe.fr\/index.php\/wp-json\/wp\/v2\/comments?post=228"}],"version-history":[{"count":32,"href":"https:\/\/escrime-dieppe.fr\/index.php\/wp-json\/wp\/v2\/pages\/228\/revisions"}],"predecessor-version":[{"id":1354,"href":"https:\/\/escrime-dieppe.fr\/index.php\/wp-json\/wp\/v2\/pages\/228\/revisions\/1354"}],"up":[{"embeddable":true,"href":"https:\/\/escrime-dieppe.fr\/index.php\/wp-json\/wp\/v2\/pages\/34"}],"wp:attachment":[{"href":"https:\/\/escrime-dieppe.fr\/index.php\/wp-json\/wp\/v2\/media?parent=228"}],"curies":[{"name":"wp","href":"https:\/\/api.w.org\/{rel}","templated":true}]}}