{"id":25,"date":"2018-03-13T22:06:06","date_gmt":"2018-03-13T21:06:06","guid":{"rendered":"http:\/\/escrime-dieppe.fr\/?page_id=25"},"modified":"2024-08-26T15:23:41","modified_gmt":"2024-08-26T13:23:41","slug":"notre-club","status":"publish","type":"page","link":"https:\/\/escrime-dieppe.fr\/index.php\/notre-club\/","title":{"rendered":"Notre club"},"content":{"rendered":"\t\t<div data-elementor-type=\"wp-post\" data-elementor-id=\"25\" class=\"elementor elementor-25\">\n\t\t\t\t\t\t<section class=\"elementor-section elementor-top-section elementor-element elementor-element-42392009 elementor-section-stretched elementor-section-boxed elementor-section-height-default elementor-section-height-default\" data-id=\"42392009\" data-element_type=\"section\" data-e-type=\"section\" data-settings=\"{&quot;stretch_section&quot;:&quot;section-stretched&quot;}\">\n\t\t\t\t\t\t<div class=\"elementor-container elementor-column-gap-default\">\n\t\t\t\t\t<div class=\"elementor-column elementor-col-100 elementor-top-column elementor-element elementor-element-54c65ca8\" data-id=\"54c65ca8\" data-element_type=\"column\" data-e-type=\"column\">\n\t\t\t<div class=\"elementor-widget-wrap elementor-element-populated\">\n\t\t\t\t\t\t<div class=\"elementor-element elementor-element-31ee9824 elementor-widget elementor-widget-text-editor\" data-id=\"31ee9824\" data-element_type=\"widget\" data-e-type=\"widget\" data-widget_type=\"text-editor.default\">\n\t\t\t\t<div class=\"elementor-widget-container\">\n\t\t\t\t\t\t\t\t\t<p>&nbsp;Le club des fines lames vous propose (enfants et adultes de&nbsp;4 \u00e0 90ans) de vous initier et de vous perfectionner \u00e0 la pratique de l\u2019\u00e9p\u00e9e, que ce soit en loisir ou en comp\u00e9tition.<\/p>\n<p>&nbsp;&nbsp; Les cours sont assur\u00e9s par&nbsp;<strong><span class=\"yui3-widget yui3-inputwidget yui3-htmleditorwidget\"><span class=\"yui3-htmleditorwidget-content\">Nicolas CORUBLE,&nbsp; <\/span><\/span><\/strong>Ma\u00eetre d\u2019armes&nbsp; et quatre fois <strong id=\"yui_3_5_0_1_1409418837862_19455\">champion&nbsp; du&nbsp; monde&nbsp; des&nbsp; Ma\u00eetres d&rsquo;armes<\/strong> et&nbsp; par Marie-Laure BRIANCHON \u00e9ducatrice 2 plusieurs fois m\u00e9daill\u00e9es nationale&nbsp;<span style=\"color: #ff0000;\"><strong>\u00e0 la salle d&rsquo;armes, boulevard de Verdun<\/strong><\/span>&nbsp;(derri\u00e8re la salle des congr\u00e8s, pr\u00e8s des terrains de beach-volley) \u00e0 Dieppe.<\/p>\n<p>&nbsp;&nbsp; Les fines lames se distinguent :<\/p>\n<ul>\n<li>Au niveau sportif dans les comp\u00e9titions d\u00e9partementales, r\u00e9gionales, nationales et internationales.<\/li>\n<li>Dans l\u2019organisation de plusieurs \u00e9preuves d\u00e9partementales et r\u00e9gionales ainsi que d\u2019un tournoi international.<\/li>\n<li>En proposant l&rsquo;escrime \u00e0 un large public : \u00e9veil escrime &#8211; \u00e9cole d&rsquo;escrime &#8211; escrime sant\u00e9 &#8211; escrime et handicap &#8211; adulte loisir &#8211; comp\u00e9tition&nbsp;<\/li>\n<\/ul>\t\t\t\t\t\t\t\t<\/div>\n\t\t\t\t<\/div>\n\t\t\t\t\t<\/div>\n\t\t<\/div>\n\t\t\t\t\t<\/div>\n\t\t<\/section>\n\t\t\t\t<section class=\"elementor-section elementor-top-section elementor-element elementor-element-4717e elementor-section-boxed elementor-section-height-default elementor-section-height-default\" data-id=\"4717e\" data-element_type=\"section\" data-e-type=\"section\">\n\t\t\t\t\t\t<div class=\"elementor-container elementor-column-gap-default\">\n\t\t\t\t\t<div class=\"elementor-column elementor-col-100 elementor-top-column elementor-element elementor-element-4d841edb\" data-id=\"4d841edb\" data-element_type=\"column\" data-e-type=\"column\">\n\t\t\t<div class=\"elementor-widget-wrap elementor-element-populated\">\n\t\t\t\t\t\t<div class=\"elementor-element elementor-element-68ff2e9d elementor-widget elementor-widget-text-editor\" data-id=\"68ff2e9d\" data-element_type=\"widget\" data-e-type=\"widget\" data-widget_type=\"text-editor.default\">\n\t\t\t\t<div class=\"elementor-widget-container\">\n\t\t\t\t\t\t\t\t\t<p><strong>Si\u00a0 vous\u00a0 souhaitez\u00a0 pratiquer\u00a0 un\u00a0 sport\u00a0 d\u00e9veloppant\u00a0 ma\u00eetrise\u00a0 de\u00a0 soi\u00a0 (physique et mentale), concentration, rapidit\u00e9, le tout dans la convivialit\u00e9 et le fair-play, les tireurs des fines lames vous attendent.<\/strong><\/p><p><strong>N\u2019h\u00e9sitez pas \u00e0 nous contacter<\/strong><strong> : escrime.dieppe@gmail.com<\/strong><\/p>\t\t\t\t\t\t\t\t<\/div>\n\t\t\t\t<\/div>\n\t\t\t\t\t<\/div>\n\t\t<\/div>\n\t\t\t\t\t<\/div>\n\t\t<\/section>\n\t\t\t\t<\/div>\n\t\t","protected":false},"excerpt":{"rendered":"<p>&nbsp;Le club des fines lames vous propose (enfants et adultes de&nbsp;4 \u00e0 90ans) de vous initier et de vous perfectionner \u00e0 la pratique de l\u2019\u00e9p\u00e9e, que ce soit en loisir ou en comp\u00e9tition. &nbsp;&nbsp; Les cours sont assur\u00e9s par&nbsp;Nicolas CORUBLE,&nbsp; Ma\u00eetre d\u2019armes&nbsp; et quatre fois champion&nbsp; du&nbsp; monde&nbsp; des&nbsp; Ma\u00eetres [&hellip;]<\/p>\n","protected":false},"author":1,"featured_media":0,"parent":0,"menu_order":0,"comment_status":"closed","ping_status":"closed","template":"","meta":{"footnotes":""},"class_list":["post-25","page","type-page","status-publish","hentry"],"jetpack_sharing_enabled":true,"jetpack_shortlink":"https:\/\/wp.me\/PapKhQ-p","jetpack-related-posts":[],"_links":{"self":[{"href":"https:\/\/escrime-dieppe.fr\/index.php\/wp-json\/wp\/v2\/pages\/25","targetHints":{"allow":["GET"]}}],"collection":[{"href":"https:\/\/escrime-dieppe.fr\/index.php\/wp-json\/wp\/v2\/pages"}],"about":[{"href":"https:\/\/escrime-dieppe.fr\/index.php\/wp-json\/wp\/v2\/types\/page"}],"author":[{"embeddable":true,"href":"https:\/\/escrime-dieppe.fr\/index.php\/wp-json\/wp\/v2\/users\/1"}],"replies":[{"embeddable":true,"href":"https:\/\/escrime-dieppe.fr\/index.php\/wp-json\/wp\/v2\/comments?post=25"}],"version-history":[{"count":18,"href":"https:\/\/escrime-dieppe.fr\/index.php\/wp-json\/wp\/v2\/pages\/25\/revisions"}],"predecessor-version":[{"id":1513,"href":"https:\/\/escrime-dieppe.fr\/index.php\/wp-json\/wp\/v2\/pages\/25\/revisions\/1513"}],"wp:attachment":[{"href":"https:\/\/escrime-dieppe.fr\/index.php\/wp-json\/wp\/v2\/media?parent=25"}],"curies":[{"name":"wp","href":"https:\/\/api.w.org\/{rel}","templated":true}]}}