{"id":484,"date":"2018-06-23T22:09:44","date_gmt":"2018-06-23T20:09:44","guid":{"rendered":"http:\/\/escrime-dieppe.fr\/?page_id=484"},"modified":"2019-11-23T14:28:22","modified_gmt":"2019-11-23T13:28:22","slug":"tournoi-international","status":"publish","type":"page","link":"https:\/\/escrime-dieppe.fr\/index.php\/tournoi-international\/","title":{"rendered":"Tournoi international"},"content":{"rendered":"\t\t<div data-elementor-type=\"wp-post\" data-elementor-id=\"484\" class=\"elementor elementor-484\">\n\t\t\t\t\t\t<section class=\"elementor-section elementor-top-section elementor-element elementor-element-5b8f81af elementor-section-boxed elementor-section-height-default elementor-section-height-default\" data-id=\"5b8f81af\" data-element_type=\"section\" data-e-type=\"section\">\n\t\t\t\t\t\t<div class=\"elementor-container elementor-column-gap-default\">\n\t\t\t\t\t<div class=\"elementor-column elementor-col-100 elementor-top-column elementor-element elementor-element-32ee132b\" data-id=\"32ee132b\" data-element_type=\"column\" data-e-type=\"column\">\n\t\t\t<div class=\"elementor-widget-wrap elementor-element-populated\">\n\t\t\t\t\t\t<div class=\"elementor-element elementor-element-455cda11 elementor-widget elementor-widget-text-editor\" data-id=\"455cda11\" data-element_type=\"widget\" data-e-type=\"widget\" data-widget_type=\"text-editor.default\">\n\t\t\t\t<div class=\"elementor-widget-container\">\n\t\t\t\t\t\t\t\t\t<p>Notre tournoi international aura\u00a0 lieu samedi 16 et dimanche 17 mai.<\/p><p>Il regroupera en individuel, les M9, M11, M13 et M15 et en \u00e9quipes les M15 et les v\u00e9t\u00e9rans.<\/p><p>Vous trouverez ci-dessous la note d&rsquo;organisation en fran\u00e7ais et en anglais.<\/p><p>A vos agendas !!!<\/p>\t\t\t\t\t\t\t\t<\/div>\n\t\t\t\t<\/div>\n\t\t\t\t\t<\/div>\n\t\t<\/div>\n\t\t\t\t\t<\/div>\n\t\t<\/section>\n\t\t\t\t<section class=\"elementor-section elementor-top-section elementor-element elementor-element-7b7ba79 elementor-section-boxed elementor-section-height-default elementor-section-height-default\" data-id=\"7b7ba79\" data-element_type=\"section\" data-e-type=\"section\">\n\t\t\t\t\t\t<div class=\"elementor-container elementor-column-gap-default\">\n\t\t\t\t\t<div class=\"elementor-column elementor-col-100 elementor-top-column elementor-element elementor-element-10069cc\" data-id=\"10069cc\" data-element_type=\"column\" data-e-type=\"column\">\n\t\t\t<div class=\"elementor-widget-wrap elementor-element-populated\">\n\t\t\t\t\t\t<section class=\"elementor-section elementor-inner-section elementor-element elementor-element-a99e4b4 elementor-section-boxed elementor-section-height-default elementor-section-height-default\" data-id=\"a99e4b4\" data-element_type=\"section\" data-e-type=\"section\">\n\t\t\t\t\t\t<div class=\"elementor-container elementor-column-gap-default\">\n\t\t\t\t\t<div class=\"elementor-column elementor-col-50 elementor-inner-column elementor-element elementor-element-4d8f3b7\" data-id=\"4d8f3b7\" data-element_type=\"column\" data-e-type=\"column\">\n\t\t\t<div class=\"elementor-widget-wrap elementor-element-populated\">\n\t\t\t\t\t\t<div class=\"elementor-element elementor-element-b2de7c3 elementor-widget elementor-widget-image\" data-id=\"b2de7c3\" data-element_type=\"widget\" data-e-type=\"widget\" data-widget_type=\"image.default\">\n\t\t\t\t<div class=\"elementor-widget-container\">\n\t\t\t\t\t\t\t\t\t\t\t\t\t\t\t<img fetchpriority=\"high\" decoding=\"async\" data-attachment-id=\"863\" data-permalink=\"https:\/\/escrime-dieppe.fr\/index.php\/tournoi-international\/tournoi-international-de-dieppe-2020-1\/\" data-orig-file=\"https:\/\/i0.wp.com\/escrime-dieppe.fr\/wp-content\/uploads\/2019\/11\/Tournoi-international-de-dieppe-2020-1.jpg?fit=1653%2C2339&amp;ssl=1\" data-orig-size=\"1653,2339\" data-comments-opened=\"1\" data-image-meta=\"{&quot;aperture&quot;:&quot;0&quot;,&quot;credit&quot;:&quot;&quot;,&quot;camera&quot;:&quot;&quot;,&quot;caption&quot;:&quot;&quot;,&quot;created_timestamp&quot;:&quot;0&quot;,&quot;copyright&quot;:&quot;&quot;,&quot;focal_length&quot;:&quot;0&quot;,&quot;iso&quot;:&quot;0&quot;,&quot;shutter_speed&quot;:&quot;0&quot;,&quot;title&quot;:&quot;&quot;,&quot;orientation&quot;:&quot;0&quot;}\" data-image-title=\"Tournoi international de dieppe 2020-1\" data-image-description=\"\" data-image-caption=\"\" data-large-file=\"https:\/\/i0.wp.com\/escrime-dieppe.fr\/wp-content\/uploads\/2019\/11\/Tournoi-international-de-dieppe-2020-1.jpg?fit=724%2C1024&amp;ssl=1\" width=\"724\" height=\"1024\" src=\"https:\/\/i0.wp.com\/escrime-dieppe.fr\/wp-content\/uploads\/2019\/11\/Tournoi-international-de-dieppe-2020-1.jpg?fit=724%2C1024&amp;ssl=1\" class=\"attachment-large size-large wp-image-863\" alt=\"\" srcset=\"https:\/\/i0.wp.com\/escrime-dieppe.fr\/wp-content\/uploads\/2019\/11\/Tournoi-international-de-dieppe-2020-1.jpg?w=1653&amp;ssl=1 1653w, https:\/\/i0.wp.com\/escrime-dieppe.fr\/wp-content\/uploads\/2019\/11\/Tournoi-international-de-dieppe-2020-1.jpg?resize=212%2C300&amp;ssl=1 212w, https:\/\/i0.wp.com\/escrime-dieppe.fr\/wp-content\/uploads\/2019\/11\/Tournoi-international-de-dieppe-2020-1.jpg?resize=768%2C1087&amp;ssl=1 768w, https:\/\/i0.wp.com\/escrime-dieppe.fr\/wp-content\/uploads\/2019\/11\/Tournoi-international-de-dieppe-2020-1.jpg?resize=724%2C1024&amp;ssl=1 724w, https:\/\/i0.wp.com\/escrime-dieppe.fr\/wp-content\/uploads\/2019\/11\/Tournoi-international-de-dieppe-2020-1.jpg?w=1500 1500w\" sizes=\"(max-width: 724px) 100vw, 724px\" data-attachment-id=\"863\" data-permalink=\"https:\/\/escrime-dieppe.fr\/index.php\/tournoi-international\/tournoi-international-de-dieppe-2020-1\/\" data-orig-file=\"https:\/\/i0.wp.com\/escrime-dieppe.fr\/wp-content\/uploads\/2019\/11\/Tournoi-international-de-dieppe-2020-1.jpg?fit=1653%2C2339&amp;ssl=1\" data-orig-size=\"1653,2339\" data-comments-opened=\"1\" data-image-meta=\"{&quot;aperture&quot;:&quot;0&quot;,&quot;credit&quot;:&quot;&quot;,&quot;camera&quot;:&quot;&quot;,&quot;caption&quot;:&quot;&quot;,&quot;created_timestamp&quot;:&quot;0&quot;,&quot;copyright&quot;:&quot;&quot;,&quot;focal_length&quot;:&quot;0&quot;,&quot;iso&quot;:&quot;0&quot;,&quot;shutter_speed&quot;:&quot;0&quot;,&quot;title&quot;:&quot;&quot;,&quot;orientation&quot;:&quot;0&quot;}\" data-image-title=\"Tournoi international de dieppe 2020-1\" data-image-description=\"\" data-image-caption=\"\" data-large-file=\"https:\/\/i0.wp.com\/escrime-dieppe.fr\/wp-content\/uploads\/2019\/11\/Tournoi-international-de-dieppe-2020-1.jpg?fit=724%2C1024&amp;ssl=1\" \/>\t\t\t\t\t\t\t\t\t\t\t\t\t\t\t<\/div>\n\t\t\t\t<\/div>\n\t\t\t\t\t<\/div>\n\t\t<\/div>\n\t\t\t\t<div class=\"elementor-column elementor-col-50 elementor-inner-column elementor-element elementor-element-3cda63a\" data-id=\"3cda63a\" data-element_type=\"column\" data-e-type=\"column\">\n\t\t\t<div class=\"elementor-widget-wrap elementor-element-populated\">\n\t\t\t\t\t\t<div class=\"elementor-element elementor-element-d07044a elementor-widget elementor-widget-image\" data-id=\"d07044a\" data-element_type=\"widget\" data-e-type=\"widget\" data-widget_type=\"image.default\">\n\t\t\t\t<div class=\"elementor-widget-container\">\n\t\t\t\t\t\t\t\t\t\t\t\t\t\t\t<img decoding=\"async\" data-attachment-id=\"864\" data-permalink=\"https:\/\/escrime-dieppe.fr\/index.php\/tournoi-international\/tournoi-international-de-dieppe-2020-2\/\" data-orig-file=\"https:\/\/i0.wp.com\/escrime-dieppe.fr\/wp-content\/uploads\/2019\/11\/Tournoi-international-de-dieppe-2020-2.jpg?fit=1653%2C2339&amp;ssl=1\" data-orig-size=\"1653,2339\" data-comments-opened=\"1\" data-image-meta=\"{&quot;aperture&quot;:&quot;0&quot;,&quot;credit&quot;:&quot;&quot;,&quot;camera&quot;:&quot;&quot;,&quot;caption&quot;:&quot;&quot;,&quot;created_timestamp&quot;:&quot;0&quot;,&quot;copyright&quot;:&quot;&quot;,&quot;focal_length&quot;:&quot;0&quot;,&quot;iso&quot;:&quot;0&quot;,&quot;shutter_speed&quot;:&quot;0&quot;,&quot;title&quot;:&quot;&quot;,&quot;orientation&quot;:&quot;0&quot;}\" data-image-title=\"Tournoi international de dieppe 2020-2\" data-image-description=\"\" data-image-caption=\"\" data-large-file=\"https:\/\/i0.wp.com\/escrime-dieppe.fr\/wp-content\/uploads\/2019\/11\/Tournoi-international-de-dieppe-2020-2.jpg?fit=724%2C1024&amp;ssl=1\" width=\"724\" height=\"1024\" src=\"https:\/\/i0.wp.com\/escrime-dieppe.fr\/wp-content\/uploads\/2019\/11\/Tournoi-international-de-dieppe-2020-2.jpg?fit=724%2C1024&amp;ssl=1\" class=\"attachment-large size-large wp-image-864\" alt=\"\" srcset=\"https:\/\/i0.wp.com\/escrime-dieppe.fr\/wp-content\/uploads\/2019\/11\/Tournoi-international-de-dieppe-2020-2.jpg?w=1653&amp;ssl=1 1653w, https:\/\/i0.wp.com\/escrime-dieppe.fr\/wp-content\/uploads\/2019\/11\/Tournoi-international-de-dieppe-2020-2.jpg?resize=212%2C300&amp;ssl=1 212w, https:\/\/i0.wp.com\/escrime-dieppe.fr\/wp-content\/uploads\/2019\/11\/Tournoi-international-de-dieppe-2020-2.jpg?resize=768%2C1087&amp;ssl=1 768w, https:\/\/i0.wp.com\/escrime-dieppe.fr\/wp-content\/uploads\/2019\/11\/Tournoi-international-de-dieppe-2020-2.jpg?resize=724%2C1024&amp;ssl=1 724w, https:\/\/i0.wp.com\/escrime-dieppe.fr\/wp-content\/uploads\/2019\/11\/Tournoi-international-de-dieppe-2020-2.jpg?w=1500 1500w\" sizes=\"(max-width: 724px) 100vw, 724px\" data-attachment-id=\"864\" data-permalink=\"https:\/\/escrime-dieppe.fr\/index.php\/tournoi-international\/tournoi-international-de-dieppe-2020-2\/\" data-orig-file=\"https:\/\/i0.wp.com\/escrime-dieppe.fr\/wp-content\/uploads\/2019\/11\/Tournoi-international-de-dieppe-2020-2.jpg?fit=1653%2C2339&amp;ssl=1\" data-orig-size=\"1653,2339\" data-comments-opened=\"1\" data-image-meta=\"{&quot;aperture&quot;:&quot;0&quot;,&quot;credit&quot;:&quot;&quot;,&quot;camera&quot;:&quot;&quot;,&quot;caption&quot;:&quot;&quot;,&quot;created_timestamp&quot;:&quot;0&quot;,&quot;copyright&quot;:&quot;&quot;,&quot;focal_length&quot;:&quot;0&quot;,&quot;iso&quot;:&quot;0&quot;,&quot;shutter_speed&quot;:&quot;0&quot;,&quot;title&quot;:&quot;&quot;,&quot;orientation&quot;:&quot;0&quot;}\" data-image-title=\"Tournoi international de dieppe 2020-2\" data-image-description=\"\" data-image-caption=\"\" data-large-file=\"https:\/\/i0.wp.com\/escrime-dieppe.fr\/wp-content\/uploads\/2019\/11\/Tournoi-international-de-dieppe-2020-2.jpg?fit=724%2C1024&amp;ssl=1\" \/>\t\t\t\t\t\t\t\t\t\t\t\t\t\t\t<\/div>\n\t\t\t\t<\/div>\n\t\t\t\t\t<\/div>\n\t\t<\/div>\n\t\t\t\t\t<\/div>\n\t\t<\/section>\n\t\t\t\t\t<\/div>\n\t\t<\/div>\n\t\t\t\t\t<\/div>\n\t\t<\/section>\n\t\t\t\t<section class=\"elementor-section elementor-top-section elementor-element elementor-element-19c9f82 elementor-section-boxed elementor-section-height-default elementor-section-height-default\" data-id=\"19c9f82\" data-element_type=\"section\" data-e-type=\"section\">\n\t\t\t\t\t\t<div class=\"elementor-container elementor-column-gap-default\">\n\t\t\t\t\t<div class=\"elementor-column elementor-col-100 elementor-top-column elementor-element elementor-element-2ad6e75\" data-id=\"2ad6e75\" data-element_type=\"column\" data-e-type=\"column\">\n\t\t\t<div class=\"elementor-widget-wrap elementor-element-populated\">\n\t\t\t\t\t\t<section class=\"elementor-section elementor-inner-section elementor-element elementor-element-09c4bec elementor-section-boxed elementor-section-height-default elementor-section-height-default\" data-id=\"09c4bec\" data-element_type=\"section\" data-e-type=\"section\">\n\t\t\t\t\t\t<div class=\"elementor-container elementor-column-gap-default\">\n\t\t\t\t\t<div class=\"elementor-column elementor-col-50 elementor-inner-column elementor-element elementor-element-486ac28\" data-id=\"486ac28\" data-element_type=\"column\" data-e-type=\"column\">\n\t\t\t<div class=\"elementor-widget-wrap elementor-element-populated\">\n\t\t\t\t\t\t<div class=\"elementor-element elementor-element-c933ef4 elementor-widget elementor-widget-image\" data-id=\"c933ef4\" data-element_type=\"widget\" data-e-type=\"widget\" data-widget_type=\"image.default\">\n\t\t\t\t<div class=\"elementor-widget-container\">\n\t\t\t\t\t\t\t\t\t\t\t\t\t\t\t<img decoding=\"async\" data-attachment-id=\"866\" data-permalink=\"https:\/\/escrime-dieppe.fr\/index.php\/tournoi-international\/dieppe_youth_international_details-2020-1\/\" data-orig-file=\"https:\/\/i0.wp.com\/escrime-dieppe.fr\/wp-content\/uploads\/2019\/11\/Dieppe_Youth_International_Details-2020-1.jpg?fit=1653%2C2339&amp;ssl=1\" data-orig-size=\"1653,2339\" data-comments-opened=\"1\" data-image-meta=\"{&quot;aperture&quot;:&quot;0&quot;,&quot;credit&quot;:&quot;&quot;,&quot;camera&quot;:&quot;&quot;,&quot;caption&quot;:&quot;&quot;,&quot;created_timestamp&quot;:&quot;0&quot;,&quot;copyright&quot;:&quot;&quot;,&quot;focal_length&quot;:&quot;0&quot;,&quot;iso&quot;:&quot;0&quot;,&quot;shutter_speed&quot;:&quot;0&quot;,&quot;title&quot;:&quot;&quot;,&quot;orientation&quot;:&quot;0&quot;}\" data-image-title=\"Dieppe_Youth_International_Details-2020-1\" data-image-description=\"\" data-image-caption=\"\" data-large-file=\"https:\/\/i0.wp.com\/escrime-dieppe.fr\/wp-content\/uploads\/2019\/11\/Dieppe_Youth_International_Details-2020-1.jpg?fit=724%2C1024&amp;ssl=1\" width=\"724\" height=\"1024\" src=\"https:\/\/i0.wp.com\/escrime-dieppe.fr\/wp-content\/uploads\/2019\/11\/Dieppe_Youth_International_Details-2020-1.jpg?fit=724%2C1024&amp;ssl=1\" class=\"attachment-large size-large wp-image-866\" alt=\"\" srcset=\"https:\/\/i0.wp.com\/escrime-dieppe.fr\/wp-content\/uploads\/2019\/11\/Dieppe_Youth_International_Details-2020-1.jpg?w=1653&amp;ssl=1 1653w, https:\/\/i0.wp.com\/escrime-dieppe.fr\/wp-content\/uploads\/2019\/11\/Dieppe_Youth_International_Details-2020-1.jpg?resize=212%2C300&amp;ssl=1 212w, https:\/\/i0.wp.com\/escrime-dieppe.fr\/wp-content\/uploads\/2019\/11\/Dieppe_Youth_International_Details-2020-1.jpg?resize=768%2C1087&amp;ssl=1 768w, https:\/\/i0.wp.com\/escrime-dieppe.fr\/wp-content\/uploads\/2019\/11\/Dieppe_Youth_International_Details-2020-1.jpg?resize=724%2C1024&amp;ssl=1 724w, https:\/\/i0.wp.com\/escrime-dieppe.fr\/wp-content\/uploads\/2019\/11\/Dieppe_Youth_International_Details-2020-1.jpg?w=1500 1500w\" sizes=\"(max-width: 724px) 100vw, 724px\" data-attachment-id=\"866\" data-permalink=\"https:\/\/escrime-dieppe.fr\/index.php\/tournoi-international\/dieppe_youth_international_details-2020-1\/\" data-orig-file=\"https:\/\/i0.wp.com\/escrime-dieppe.fr\/wp-content\/uploads\/2019\/11\/Dieppe_Youth_International_Details-2020-1.jpg?fit=1653%2C2339&amp;ssl=1\" data-orig-size=\"1653,2339\" data-comments-opened=\"1\" data-image-meta=\"{&quot;aperture&quot;:&quot;0&quot;,&quot;credit&quot;:&quot;&quot;,&quot;camera&quot;:&quot;&quot;,&quot;caption&quot;:&quot;&quot;,&quot;created_timestamp&quot;:&quot;0&quot;,&quot;copyright&quot;:&quot;&quot;,&quot;focal_length&quot;:&quot;0&quot;,&quot;iso&quot;:&quot;0&quot;,&quot;shutter_speed&quot;:&quot;0&quot;,&quot;title&quot;:&quot;&quot;,&quot;orientation&quot;:&quot;0&quot;}\" data-image-title=\"Dieppe_Youth_International_Details-2020-1\" data-image-description=\"\" data-image-caption=\"\" data-large-file=\"https:\/\/i0.wp.com\/escrime-dieppe.fr\/wp-content\/uploads\/2019\/11\/Dieppe_Youth_International_Details-2020-1.jpg?fit=724%2C1024&amp;ssl=1\" \/>\t\t\t\t\t\t\t\t\t\t\t\t\t\t\t<\/div>\n\t\t\t\t<\/div>\n\t\t\t\t\t<\/div>\n\t\t<\/div>\n\t\t\t\t<div class=\"elementor-column elementor-col-50 elementor-inner-column elementor-element elementor-element-4b69206\" data-id=\"4b69206\" data-element_type=\"column\" data-e-type=\"column\">\n\t\t\t<div class=\"elementor-widget-wrap elementor-element-populated\">\n\t\t\t\t\t\t<div class=\"elementor-element elementor-element-fff7b9e elementor-widget elementor-widget-image\" data-id=\"fff7b9e\" data-element_type=\"widget\" data-e-type=\"widget\" data-widget_type=\"image.default\">\n\t\t\t\t<div class=\"elementor-widget-container\">\n\t\t\t\t\t\t\t\t\t\t\t\t\t\t\t<img loading=\"lazy\" decoding=\"async\" data-attachment-id=\"867\" data-permalink=\"https:\/\/escrime-dieppe.fr\/index.php\/tournoi-international\/dieppe_youth_international_details-2020-2\/\" data-orig-file=\"https:\/\/i0.wp.com\/escrime-dieppe.fr\/wp-content\/uploads\/2019\/11\/Dieppe_Youth_International_Details-2020-2.jpg?fit=1653%2C2339&amp;ssl=1\" data-orig-size=\"1653,2339\" data-comments-opened=\"1\" data-image-meta=\"{&quot;aperture&quot;:&quot;0&quot;,&quot;credit&quot;:&quot;&quot;,&quot;camera&quot;:&quot;&quot;,&quot;caption&quot;:&quot;&quot;,&quot;created_timestamp&quot;:&quot;0&quot;,&quot;copyright&quot;:&quot;&quot;,&quot;focal_length&quot;:&quot;0&quot;,&quot;iso&quot;:&quot;0&quot;,&quot;shutter_speed&quot;:&quot;0&quot;,&quot;title&quot;:&quot;&quot;,&quot;orientation&quot;:&quot;0&quot;}\" data-image-title=\"Dieppe_Youth_International_Details-2020-2\" data-image-description=\"\" data-image-caption=\"\" data-large-file=\"https:\/\/i0.wp.com\/escrime-dieppe.fr\/wp-content\/uploads\/2019\/11\/Dieppe_Youth_International_Details-2020-2.jpg?fit=724%2C1024&amp;ssl=1\" width=\"724\" height=\"1024\" src=\"https:\/\/i0.wp.com\/escrime-dieppe.fr\/wp-content\/uploads\/2019\/11\/Dieppe_Youth_International_Details-2020-2.jpg?fit=724%2C1024&amp;ssl=1\" class=\"attachment-large size-large wp-image-867\" alt=\"\" srcset=\"https:\/\/i0.wp.com\/escrime-dieppe.fr\/wp-content\/uploads\/2019\/11\/Dieppe_Youth_International_Details-2020-2.jpg?w=1653&amp;ssl=1 1653w, https:\/\/i0.wp.com\/escrime-dieppe.fr\/wp-content\/uploads\/2019\/11\/Dieppe_Youth_International_Details-2020-2.jpg?resize=212%2C300&amp;ssl=1 212w, https:\/\/i0.wp.com\/escrime-dieppe.fr\/wp-content\/uploads\/2019\/11\/Dieppe_Youth_International_Details-2020-2.jpg?resize=768%2C1087&amp;ssl=1 768w, https:\/\/i0.wp.com\/escrime-dieppe.fr\/wp-content\/uploads\/2019\/11\/Dieppe_Youth_International_Details-2020-2.jpg?resize=724%2C1024&amp;ssl=1 724w, https:\/\/i0.wp.com\/escrime-dieppe.fr\/wp-content\/uploads\/2019\/11\/Dieppe_Youth_International_Details-2020-2.jpg?w=1500 1500w\" sizes=\"(max-width: 724px) 100vw, 724px\" data-attachment-id=\"867\" data-permalink=\"https:\/\/escrime-dieppe.fr\/index.php\/tournoi-international\/dieppe_youth_international_details-2020-2\/\" data-orig-file=\"https:\/\/i0.wp.com\/escrime-dieppe.fr\/wp-content\/uploads\/2019\/11\/Dieppe_Youth_International_Details-2020-2.jpg?fit=1653%2C2339&amp;ssl=1\" data-orig-size=\"1653,2339\" data-comments-opened=\"1\" data-image-meta=\"{&quot;aperture&quot;:&quot;0&quot;,&quot;credit&quot;:&quot;&quot;,&quot;camera&quot;:&quot;&quot;,&quot;caption&quot;:&quot;&quot;,&quot;created_timestamp&quot;:&quot;0&quot;,&quot;copyright&quot;:&quot;&quot;,&quot;focal_length&quot;:&quot;0&quot;,&quot;iso&quot;:&quot;0&quot;,&quot;shutter_speed&quot;:&quot;0&quot;,&quot;title&quot;:&quot;&quot;,&quot;orientation&quot;:&quot;0&quot;}\" data-image-title=\"Dieppe_Youth_International_Details-2020-2\" data-image-description=\"\" data-image-caption=\"\" data-large-file=\"https:\/\/i0.wp.com\/escrime-dieppe.fr\/wp-content\/uploads\/2019\/11\/Dieppe_Youth_International_Details-2020-2.jpg?fit=724%2C1024&amp;ssl=1\" \/>\t\t\t\t\t\t\t\t\t\t\t\t\t\t\t<\/div>\n\t\t\t\t<\/div>\n\t\t\t\t\t<\/div>\n\t\t<\/div>\n\t\t\t\t\t<\/div>\n\t\t<\/section>\n\t\t\t\t\t<\/div>\n\t\t<\/div>\n\t\t\t\t\t<\/div>\n\t\t<\/section>\n\t\t\t\t<\/div>\n\t\t","protected":false},"excerpt":{"rendered":"<p>Notre tournoi international aura\u00a0 lieu samedi 16 et dimanche 17 mai. Il regroupera en individuel, les M9, M11, M13 et M15 et en \u00e9quipes les M15 et les v\u00e9t\u00e9rans. Vous trouverez ci-dessous la note d&rsquo;organisation en fran\u00e7ais et en anglais. A vos agendas !!!<\/p>\n","protected":false},"author":1,"featured_media":0,"parent":0,"menu_order":0,"comment_status":"closed","ping_status":"closed","template":"","meta":{"jetpack_post_was_ever_published":false,"footnotes":""},"class_list":["post-484","page","type-page","status-publish","hentry"],"jetpack_sharing_enabled":true,"jetpack_shortlink":"https:\/\/wp.me\/PapKhQ-7O","jetpack-related-posts":[],"_links":{"self":[{"href":"https:\/\/escrime-dieppe.fr\/index.php\/wp-json\/wp\/v2\/pages\/484","targetHints":{"allow":["GET"]}}],"collection":[{"href":"https:\/\/escrime-dieppe.fr\/index.php\/wp-json\/wp\/v2\/pages"}],"about":[{"href":"https:\/\/escrime-dieppe.fr\/index.php\/wp-json\/wp\/v2\/types\/page"}],"author":[{"embeddable":true,"href":"https:\/\/escrime-dieppe.fr\/index.php\/wp-json\/wp\/v2\/users\/1"}],"replies":[{"embeddable":true,"href":"https:\/\/escrime-dieppe.fr\/index.php\/wp-json\/wp\/v2\/comments?post=484"}],"version-history":[{"count":7,"href":"https:\/\/escrime-dieppe.fr\/index.php\/wp-json\/wp\/v2\/pages\/484\/revisions"}],"predecessor-version":[{"id":868,"href":"https:\/\/escrime-dieppe.fr\/index.php\/wp-json\/wp\/v2\/pages\/484\/revisions\/868"}],"wp:attachment":[{"href":"https:\/\/escrime-dieppe.fr\/index.php\/wp-json\/wp\/v2\/media?parent=484"}],"curies":[{"name":"wp","href":"https:\/\/api.w.org\/{rel}","templated":true}]}}