{"id":945,"date":"2020-04-11T20:39:15","date_gmt":"2020-04-11T18:39:15","guid":{"rendered":"http:\/\/escrime-dieppe.fr\/?page_id=945"},"modified":"2025-08-22T12:05:16","modified_gmt":"2025-08-22T10:05:16","slug":"ecole-descrime","status":"publish","type":"page","link":"https:\/\/escrime-dieppe.fr\/index.php\/ecole-descrime\/","title":{"rendered":"Ecole d&rsquo;Escrime"},"content":{"rendered":"\t\t<div data-elementor-type=\"wp-page\" data-elementor-id=\"945\" class=\"elementor elementor-945\">\n\t\t\t\t\t\t<section class=\"elementor-section elementor-top-section elementor-element elementor-element-11dbf58 elementor-section-boxed elementor-section-height-default elementor-section-height-default\" data-id=\"11dbf58\" data-element_type=\"section\" data-e-type=\"section\">\n\t\t\t\t\t\t<div class=\"elementor-container elementor-column-gap-default\">\n\t\t\t\t\t<div class=\"elementor-column elementor-col-100 elementor-top-column elementor-element elementor-element-ab16207\" data-id=\"ab16207\" data-element_type=\"column\" data-e-type=\"column\">\n\t\t\t<div class=\"elementor-widget-wrap elementor-element-populated\">\n\t\t\t\t\t\t<div class=\"elementor-element elementor-element-8663f4c elementor-widget elementor-widget-text-editor\" data-id=\"8663f4c\" data-element_type=\"widget\" data-e-type=\"widget\" data-widget_type=\"text-editor.default\">\n\t\t\t\t<div class=\"elementor-widget-container\">\n\t\t\t\t\t\t\t\t\t<p data-start=\"247\" data-end=\"520\">L\u2019<strong data-start=\"339\" data-end=\"375\">\u00c9cole d\u2019Escrime des Fines Lames<\/strong> accueille les jeunes d\u00e8s 7 ans pour leur faire d\u00e9couvrir les joies d\u2019un sport \u00e0 la fois dynamique, \u00e9ducatif, respectueux et plein d\u2019aventures !<\/p>\n<h3 data-start=\"522\" data-end=\"565\">Pourquoi l\u2019escrime pour les enfants ?<\/h3>\n<ul data-start=\"566\" data-end=\"901\">\n<li data-start=\"566\" data-end=\"643\">\n<p data-start=\"568\" data-end=\"643\"><img decoding=\"async\" draggable=\"false\" role=\"img\" class=\"emoji\" alt=\"\ud83d\udc4a\" src=\"https:\/\/s.w.org\/images\/core\/emoji\/16.0.1\/svg\/1f44a.svg\"> <strong data-start=\"571\" data-end=\"591\">Confiance en soi<\/strong> : apprendre \u00e0 se d\u00e9passer et \u00e0 g\u00e9rer ses \u00e9motions<\/p>\n<\/li>\n<li data-start=\"644\" data-end=\"745\">\n<p data-start=\"646\" data-end=\"745\"><img decoding=\"async\" draggable=\"false\" role=\"img\" class=\"emoji\" alt=\"\ud83e\udde0\" src=\"https:\/\/s.w.org\/images\/core\/emoji\/16.0.1\/svg\/1f9e0.svg\"> <strong data-start=\"649\" data-end=\"678\">Concentration &amp; strat\u00e9gie<\/strong> : chaque assaut est un jeu d\u2019esprit autant qu\u2019un effort physique<\/p>\n<\/li>\n<li data-start=\"746\" data-end=\"825\">\n<p data-start=\"748\" data-end=\"825\"><img decoding=\"async\" draggable=\"false\" role=\"img\" class=\"emoji\" alt=\"\ud83e\udd1d\" src=\"https:\/\/s.w.org\/images\/core\/emoji\/16.0.1\/svg\/1f91d.svg\"> <strong data-start=\"751\" data-end=\"774\">Respect &amp; fair-play<\/strong> : valeurs fondamentales au c\u0153ur de chaque s\u00e9ance<\/p>\n<\/li>\n<li data-start=\"826\" data-end=\"901\">\n<p data-start=\"828\" data-end=\"901\"><img decoding=\"async\" draggable=\"false\" role=\"img\" class=\"emoji\" alt=\"\ud83d\udcaa\" src=\"https:\/\/s.w.org\/images\/core\/emoji\/16.0.1\/svg\/1f4aa.svg\"> <strong data-start=\"831\" data-end=\"851\">Un sport complet<\/strong> : \u00e9quilibre, coordination, vitesse et souplesse<\/p>\n<\/li>\n<\/ul>\n<h3 data-start=\"903\" data-end=\"949\">Comment se d\u00e9roulent les entra\u00eenements ?<\/h3>\n<p data-start=\"950\" data-end=\"1048\">Les s\u00e9ances de l\u2019\u00c9cole d\u2019Escrime sont pens\u00e9es pour \u00eatre \u00e0 la fois <strong data-start=\"1016\" data-end=\"1044\">p\u00e9dagogiques et ludiques<\/strong> :<\/p>\n<ul data-start=\"1049\" data-end=\"1287\">\n<li data-start=\"1049\" data-end=\"1109\">\n<p data-start=\"1051\" data-end=\"1109\">Jeux et exercices adapt\u00e9s \u00e0 l\u2019\u00e2ge et au niveau de chacun<\/p>\n<\/li>\n<li data-start=\"1110\" data-end=\"1159\">\n<p data-start=\"1112\" data-end=\"1159\">Initiation progressive aux techniques de base<\/p>\n<\/li>\n<li data-start=\"1160\" data-end=\"1228\">\n<p data-start=\"1162\" data-end=\"1228\">D\u00e9couverte des r\u00e8gles et mise en pratique lors de petits assauts<\/p>\n<\/li>\n<li data-start=\"1229\" data-end=\"1287\">\n<p data-start=\"1231\" data-end=\"1287\">Toujours dans une ambiance <strong data-start=\"1258\" data-end=\"1285\">conviviale et motivante<\/strong><\/p>\n<\/li>\n<\/ul>\n<h3 data-start=\"1289\" data-end=\"1305\">Pour qui ?<\/h3>\n<p data-start=\"1306\" data-end=\"1450\">L\u2019\u00e9cole d\u2019escrime est ouverte aux enfants et aux jeunes, du <strong data-start=\"1366\" data-end=\"1386\">d\u00e9butant curieux<\/strong> \u00e0 ceux qui souhaitent un jour se tourner vers la comp\u00e9tition.<\/p>\n<h3 data-start=\"1452\" data-end=\"1480\">Rejoignez l\u2019aventure !<\/h3>\n<p data-start=\"1481\" data-end=\"1713\">Avec l\u2019\u00c9cole d\u2019Escrime des Fines Lames, vos enfants d\u00e9couvriront un sport noble, moderne et passionnant, tout en s\u2019amusant et en progressant \u00e0 leur rythme.<br data-start=\"1637\" data-end=\"1640\">Le mat\u00e9riel est pr\u00eat\u00e9 pour d\u00e9buter : il suffit de venir essayer !<\/p>\t\t\t\t\t\t\t\t<\/div>\n\t\t\t\t<\/div>\n\t\t\t\t\t<\/div>\n\t\t<\/div>\n\t\t\t\t\t<\/div>\n\t\t<\/section>\n\t\t\t\t<\/div>\n\t\t","protected":false},"excerpt":{"rendered":"<p>L\u2019\u00c9cole d\u2019Escrime des Fines Lames accueille les jeunes d\u00e8s 7 ans pour leur faire d\u00e9couvrir les joies d\u2019un sport \u00e0 la fois dynamique, \u00e9ducatif, respectueux et plein d\u2019aventures ! Pourquoi l\u2019escrime pour les enfants ? Confiance en soi : apprendre \u00e0 se d\u00e9passer et \u00e0 g\u00e9rer ses \u00e9motions Concentration &amp; [&hellip;]<\/p>\n","protected":false},"author":1,"featured_media":0,"parent":0,"menu_order":0,"comment_status":"closed","ping_status":"closed","template":"page-templates\/template-pagebuilder-full-width.php","meta":{"jetpack_post_was_ever_published":false,"footnotes":""},"class_list":["post-945","page","type-page","status-publish","hentry"],"jetpack_sharing_enabled":true,"jetpack_shortlink":"https:\/\/wp.me\/PapKhQ-ff","jetpack-related-posts":[],"_links":{"self":[{"href":"https:\/\/escrime-dieppe.fr\/index.php\/wp-json\/wp\/v2\/pages\/945","targetHints":{"allow":["GET"]}}],"collection":[{"href":"https:\/\/escrime-dieppe.fr\/index.php\/wp-json\/wp\/v2\/pages"}],"about":[{"href":"https:\/\/escrime-dieppe.fr\/index.php\/wp-json\/wp\/v2\/types\/page"}],"author":[{"embeddable":true,"href":"https:\/\/escrime-dieppe.fr\/index.php\/wp-json\/wp\/v2\/users\/1"}],"replies":[{"embeddable":true,"href":"https:\/\/escrime-dieppe.fr\/index.php\/wp-json\/wp\/v2\/comments?post=945"}],"version-history":[{"count":5,"href":"https:\/\/escrime-dieppe.fr\/index.php\/wp-json\/wp\/v2\/pages\/945\/revisions"}],"predecessor-version":[{"id":1604,"href":"https:\/\/escrime-dieppe.fr\/index.php\/wp-json\/wp\/v2\/pages\/945\/revisions\/1604"}],"wp:attachment":[{"href":"https:\/\/escrime-dieppe.fr\/index.php\/wp-json\/wp\/v2\/media?parent=945"}],"curies":[{"name":"wp","href":"https:\/\/api.w.org\/{rel}","templated":true}]}}