{"id":955,"date":"2020-04-11T20:42:31","date_gmt":"2020-04-11T18:42:31","guid":{"rendered":"http:\/\/escrime-dieppe.fr\/?page_id=955"},"modified":"2025-08-22T11:51:56","modified_gmt":"2025-08-22T09:51:56","slug":"loisir-adultes","status":"publish","type":"page","link":"https:\/\/escrime-dieppe.fr\/index.php\/loisir-adultes\/","title":{"rendered":"Loisir Adultes"},"content":{"rendered":"\t\t<div data-elementor-type=\"wp-page\" data-elementor-id=\"955\" class=\"elementor elementor-955\">\n\t\t\t\t\t\t<section class=\"elementor-section elementor-top-section elementor-element elementor-element-c1c4d6b elementor-section-boxed elementor-section-height-default elementor-section-height-default\" data-id=\"c1c4d6b\" data-element_type=\"section\" data-e-type=\"section\">\n\t\t\t\t\t\t<div class=\"elementor-container elementor-column-gap-default\">\n\t\t\t\t\t<div class=\"elementor-column elementor-col-100 elementor-top-column elementor-element elementor-element-dc93b90\" data-id=\"dc93b90\" data-element_type=\"column\" data-e-type=\"column\">\n\t\t\t<div class=\"elementor-widget-wrap elementor-element-populated\">\n\t\t\t\t\t\t<div class=\"elementor-element elementor-element-044eaf8 elementor-widget elementor-widget-text-editor\" data-id=\"044eaf8\" data-element_type=\"widget\" data-e-type=\"widget\" data-widget_type=\"text-editor.default\">\n\t\t\t\t<div class=\"elementor-widget-container\">\n\t\t\t\t\t\t\t\t\t<p>Vous souhaitez d\u00e9couvrir l\u2019escrime dans une ambiance conviviale ? Nos entra\u00eenements <strong>adultes \u00e0 l\u2019\u00e9p\u00e9e<\/strong> sont faits pour vous !<\/p><p>Que vous soyez d\u00e9butant ou que vous ayez d\u00e9j\u00e0 pratiqu\u00e9, ces s\u00e9ances vous permettent de progresser \u00e0 votre rythme, dans une atmosph\u00e8re d\u00e9tendue et chaleureuse.<\/p><p><strong>Pourquoi l\u2019\u00e9p\u00e9e ?<\/strong><\/p><p>L\u2019\u00e9p\u00e9e est l\u2019arme la plus accessible pour commencer l\u2019escrime :<\/p><ul><li><strong>Les r\u00e8gles sont simples<\/strong> : toute la surface du corps est valable &#8211; le premier qui touche marque le point &#8211; si\u00a0 les deux adversaires touchent en m\u00eame temps, ils ont un point chacun ;\u00a0<\/li><li><strong>Un sport complet<\/strong> : vous travaillez autant le physique que la strat\u00e9gie et la concentration ;<\/li><li><strong>Une pratique pour tous<\/strong> : l\u2019\u00e9p\u00e9e se pr\u00eate tr\u00e8s bien au loisir, quel que soit l\u2019\u00e2ge ou la condition physique.<\/li><\/ul><p><strong>Comment se d\u00e9roulent les s\u00e9ances ?<\/strong><\/p><p>Chaque entra\u00eenement est construit pour alterner :<\/p><ul><li><strong>\u00c9chauffement et pr\u00e9paration physique douce ;<\/strong><\/li><li><strong>Travail des d\u00e9placements ;\u00a0<\/strong><\/li><li><strong>Exercices techniques adapt\u00e9s au niveau de chacun ;\u00a0<\/strong><\/li><li><strong>Assauts libres ou \u00e0 th\u00e8mes dans une ambiance conviviale<\/strong><\/li><\/ul><p>Le tout dans le respect de la s\u00e9curit\u00e9 et du plaisir de jeu.<\/p><p><strong>Pour qui ?<\/strong><\/p><p>Ces s\u00e9ances s\u2019adressent \u00e0 tous les adultes qui souhaitent pratiquer l\u2019escrime. L\u2019esprit est avant tout <strong>\u00e0 la d\u00e9couverte, au partage et \u00e0 la d\u00e9tente sportive<\/strong>.<\/p><p><strong>Rejoignez-nous !<\/strong><\/p><p>Venez tester l\u2019\u00e9p\u00e9e lors de nos entra\u00eenements adultes loisirs et d\u00e9couvrez un sport original, accessible et passionnant. Tout le mat\u00e9riel est pr\u00eat\u00e9 lors des premi\u00e8res s\u00e9ances.<\/p>\t\t\t\t\t\t\t\t<\/div>\n\t\t\t\t<\/div>\n\t\t\t\t\t<\/div>\n\t\t<\/div>\n\t\t\t\t\t<\/div>\n\t\t<\/section>\n\t\t\t\t<\/div>\n\t\t","protected":false},"excerpt":{"rendered":"<p>Vous souhaitez d\u00e9couvrir l\u2019escrime dans une ambiance conviviale ? Nos entra\u00eenements adultes \u00e0 l\u2019\u00e9p\u00e9e sont faits pour vous ! Que vous soyez d\u00e9butant ou que vous ayez d\u00e9j\u00e0 pratiqu\u00e9, ces s\u00e9ances vous permettent de progresser \u00e0 votre rythme, dans une atmosph\u00e8re d\u00e9tendue et chaleureuse. Pourquoi l\u2019\u00e9p\u00e9e ? L\u2019\u00e9p\u00e9e est l\u2019arme [&hellip;]<\/p>\n","protected":false},"author":1,"featured_media":0,"parent":0,"menu_order":0,"comment_status":"closed","ping_status":"closed","template":"","meta":{"jetpack_post_was_ever_published":false,"footnotes":""},"class_list":["post-955","page","type-page","status-publish","hentry"],"jetpack_sharing_enabled":true,"jetpack_shortlink":"https:\/\/wp.me\/PapKhQ-fp","jetpack-related-posts":[],"_links":{"self":[{"href":"https:\/\/escrime-dieppe.fr\/index.php\/wp-json\/wp\/v2\/pages\/955","targetHints":{"allow":["GET"]}}],"collection":[{"href":"https:\/\/escrime-dieppe.fr\/index.php\/wp-json\/wp\/v2\/pages"}],"about":[{"href":"https:\/\/escrime-dieppe.fr\/index.php\/wp-json\/wp\/v2\/types\/page"}],"author":[{"embeddable":true,"href":"https:\/\/escrime-dieppe.fr\/index.php\/wp-json\/wp\/v2\/users\/1"}],"replies":[{"embeddable":true,"href":"https:\/\/escrime-dieppe.fr\/index.php\/wp-json\/wp\/v2\/comments?post=955"}],"version-history":[{"count":5,"href":"https:\/\/escrime-dieppe.fr\/index.php\/wp-json\/wp\/v2\/pages\/955\/revisions"}],"predecessor-version":[{"id":1601,"href":"https:\/\/escrime-dieppe.fr\/index.php\/wp-json\/wp\/v2\/pages\/955\/revisions\/1601"}],"wp:attachment":[{"href":"https:\/\/escrime-dieppe.fr\/index.php\/wp-json\/wp\/v2\/media?parent=955"}],"curies":[{"name":"wp","href":"https:\/\/api.w.org\/{rel}","templated":true}]}}